{"id":2437,"date":"2026-03-12T10:55:04","date_gmt":"2026-03-12T09:55:04","guid":{"rendered":"https:\/\/k-var.eu\/trgovina\/Bez%20kategorije\/turisticna-jeklenka-3-kg-s-plinom\/"},"modified":"2026-03-12T12:17:54","modified_gmt":"2026-03-12T11:17:54","slug":"turisticka-plinska-boca-3-kg-s-plinom","status":"publish","type":"product","link":"https:\/\/k-var.eu\/hr\/trgovina\/turisticka-plinska-boca-3-kg-s-plinom\/","title":{"rendered":"Turisti\u010dka plinska boca 3 kg s plinom"},"content":{"rendered":"<p><strong>Turisti\u010dka plinska boca 3 kg<\/strong> prakti\u010dno je i pouzdano rje\u0161enje za kori\u0161tenje na putovanjima, tijekom kampiranja ili kod ku\u0107e. Zbog svoje kompaktne veli\u010dine pogodna je za razli\u010dite ure\u0111aje kao \u0161to su <strong>plinska kuhala s jednim plamenikom, manji plinski ro\u0161tilji i stolne grijalice<\/strong>.<\/p>\n<p>Boca je <strong>lagana, kompaktna i jednostavna za transport<\/strong>, zbog \u010dega je vrlo popularan izbor za kampiranje, izlete ili kori\u0161tenje na terasi, balkonu ili na plovilu.<\/p>\n<p>U cijenu proizvoda ve\u0107 je uklju\u010deno <strong>3 kg plina<\/strong>, tako da je boca spremna za trenutnu uporabu.<\/p>\n<p><strong>\u26a0\ufe0f Zbog sigurnosnih razloga i ograni\u010denja transporta boca je dostupna samo za osobno preuzimanje.<\/strong><\/p>\n","protected":false},"excerpt":{"rendered":"<p><strong>Turisti\u010dka plinska boca 3 kg<\/strong> kompaktno je i prakti\u010dno rje\u0161enje za <strong>kampiranje, kuhala s jednim plamenikom, manje plinske ro\u0161tilje i stolne grijalice<\/strong>. Zbog svoje <strong>manje veli\u010dine i male te\u017eine<\/strong> jednostavna je za no\u0161enje, transport i spremanje.<\/p>\n<p>U cijenu je uklju\u010deno <strong>3 kg plina<\/strong>.<\/p>\n<p><strong>\u26a0\ufe0f Proizvod je dostupan samo za osobno preuzimanje.<\/strong><\/p>\n","protected":false},"featured_media":2432,"template":"","meta":[],"product_brand":[],"product_cat":[54],"product_tag":[],"class_list":{"0":"post-2437","1":"product","2":"type-product","3":"status-publish","4":"has-post-thumbnail","6":"product_cat-oprema-za-rostilj","8":"first","9":"instock","10":"shipping-taxable","11":"purchasable","12":"product-type-simple"},"_links":{"self":[{"href":"https:\/\/k-var.eu\/hr\/wp-json\/wp\/v2\/product\/2437","targetHints":{"allow":["GET"]}}],"collection":[{"href":"https:\/\/k-var.eu\/hr\/wp-json\/wp\/v2\/product"}],"about":[{"href":"https:\/\/k-var.eu\/hr\/wp-json\/wp\/v2\/types\/product"}],"wp:featuredmedia":[{"embeddable":true,"href":"https:\/\/k-var.eu\/hr\/wp-json\/wp\/v2\/media\/2432"}],"wp:attachment":[{"href":"https:\/\/k-var.eu\/hr\/wp-json\/wp\/v2\/media?parent=2437"}],"wp:term":[{"taxonomy":"product_brand","embeddable":true,"href":"https:\/\/k-var.eu\/hr\/wp-json\/wp\/v2\/product_brand?post=2437"},{"taxonomy":"product_cat","embeddable":true,"href":"https:\/\/k-var.eu\/hr\/wp-json\/wp\/v2\/product_cat?post=2437"},{"taxonomy":"product_tag","embeddable":true,"href":"https:\/\/k-var.eu\/hr\/wp-json\/wp\/v2\/product_tag?post=2437"}],"curies":[{"name":"wp","href":"https:\/\/api.w.org\/{rel}","templated":true}]}}