{"id":2287,"date":"2026-02-17T10:44:35","date_gmt":"2026-02-17T09:44:35","guid":{"rendered":"https:\/\/k-var.eu\/trgovina\/Bez%20kategorije\/pladenj-z-rezalno-desko-za-zar\/"},"modified":"2026-02-17T14:03:53","modified_gmt":"2026-02-17T13:03:53","slug":"pladanj-s-daskom-za-rezanje-za-rostilj","status":"publish","type":"product","link":"https:\/\/k-var.eu\/hr\/trgovina\/pladanj-s-daskom-za-rezanje-za-rostilj\/","title":{"rendered":"Pladanj s daskom za rezanje za ro\u0161tilj"},"content":{"rendered":"<p><strong>Pladanj od nehr\u0111aju\u0107eg \u010delika s daskom za rezanje<\/strong> omogu\u0107uje dodatnu radnu povr\u0161inu izravno na ro\u0161tilju. Jednostavno se pri\u010dvr\u0161\u0107uje na prednji dio ro\u0161tilja te pru\u017ea stabilno mjesto za pripremu, rezanje i odlaganje hrane.<\/p>\n<ul>\n<li><strong>Materijal pladnja:<\/strong> nehr\u0111aju\u0107i \u010delik<\/li>\n<li><strong>Daska za rezanje:<\/strong> plasti\u010dna, uklonjiva<\/li>\n<li><strong>Monta\u017ea:<\/strong> pri\u010dvr\u0161\u0107ivanje na prednji dio ro\u0161tilja<\/li>\n<li><strong>Namjena:<\/strong> dodatna radna povr\u0161ina za pripremu hrane<\/li>\n<\/ul>\n","protected":false},"excerpt":{"rendered":"<p><strong>Inox pladanj s daskom za rezanje<\/strong> jednostavno se pri\u010dvr\u0161\u0107uje na prednji dio ro\u0161tilja i pru\u017ea prakti\u010dnu radnu povr\u0161inu za pripremu hrane.<\/p>\n","protected":false},"featured_media":2256,"template":"","meta":[],"product_brand":[78],"product_cat":[176,54],"product_tag":[],"class_list":{"0":"post-2287","1":"product","2":"type-product","3":"status-publish","4":"has-post-thumbnail","6":"product_brand-dickinson-marine","7":"product_cat-dickinson-marine-dodaci","8":"product_cat-oprema-za-rostilj","9":"product_shipping_class-oprema-hr","11":"first","12":"instock","13":"shipping-taxable","14":"purchasable","15":"product-type-variable"},"_links":{"self":[{"href":"https:\/\/k-var.eu\/hr\/wp-json\/wp\/v2\/product\/2287","targetHints":{"allow":["GET"]}}],"collection":[{"href":"https:\/\/k-var.eu\/hr\/wp-json\/wp\/v2\/product"}],"about":[{"href":"https:\/\/k-var.eu\/hr\/wp-json\/wp\/v2\/types\/product"}],"wp:featuredmedia":[{"embeddable":true,"href":"https:\/\/k-var.eu\/hr\/wp-json\/wp\/v2\/media\/2256"}],"wp:attachment":[{"href":"https:\/\/k-var.eu\/hr\/wp-json\/wp\/v2\/media?parent=2287"}],"wp:term":[{"taxonomy":"product_brand","embeddable":true,"href":"https:\/\/k-var.eu\/hr\/wp-json\/wp\/v2\/product_brand?post=2287"},{"taxonomy":"product_cat","embeddable":true,"href":"https:\/\/k-var.eu\/hr\/wp-json\/wp\/v2\/product_cat?post=2287"},{"taxonomy":"product_tag","embeddable":true,"href":"https:\/\/k-var.eu\/hr\/wp-json\/wp\/v2\/product_tag?post=2287"}],"curies":[{"name":"wp","href":"https:\/\/api.w.org\/{rel}","templated":true}]}}