{"id":2285,"date":"2026-02-17T10:39:12","date_gmt":"2026-02-17T09:39:12","guid":{"rendered":"https:\/\/k-var.eu\/trgovina\/Bez%20kategorije\/komplet-za-ciscenje-zara\/"},"modified":"2026-02-17T14:05:41","modified_gmt":"2026-02-17T13:05:41","slug":"komplet-za-ciscenje-rostilja","status":"publish","type":"product","link":"https:\/\/k-var.eu\/hr\/trgovina\/komplet-za-ciscenje-rostilja\/","title":{"rendered":"Komplet za \u010di\u0161\u0107enje ro\u0161tilja"},"content":{"rendered":"<p><strong>Komplet za \u010di\u0161\u0107enje ro\u0161tilja<\/strong> uklju\u010duje grubu i finu \u010distilnu blazinicu tipa Scotch-Brite, namijenjene uklanjanju zape\u010dene masno\u0107e, mrlja i oksidacije s inox povr\u0161ina.<\/p>\n<ul>\n<li><strong>Sadr\u017eaj:<\/strong> gruba i fina \u010distilna blazinica<\/li>\n<li><strong>Namjena:<\/strong> \u010di\u0161\u0107enje i obnova izgleda ro\u0161tilja<\/li>\n<li><strong>Uporaba:<\/strong> prikladno za sve vrste ro\u0161tilja<\/li>\n<\/ul>\n<p>Redovito \u010di\u0161\u0107enje poma\u017ee o\u010duvati lijep izgled i produ\u017euje vijek trajanja ro\u0161tilja.<\/p>\n","protected":false},"excerpt":{"rendered":"<p><strong>Komplet za \u010di\u0161\u0107enje ro\u0161tilja<\/strong> sadr\u017ei grubu i finu \u010distilnu blazinicu za u\u010dinkovito uklanjanje ne\u010disto\u0107a i obnovu izgleda va\u0161eg ro\u0161tilja.<\/p>\n","protected":false},"featured_media":2250,"template":"","meta":[],"product_brand":[78],"product_cat":[176,54],"product_tag":[],"class_list":{"0":"post-2285","1":"product","2":"type-product","3":"status-publish","4":"has-post-thumbnail","6":"product_brand-dickinson-marine","7":"product_cat-dickinson-marine-dodaci","8":"product_cat-oprema-za-rostilj","9":"product_shipping_class-oprema-hr","11":"first","12":"instock","13":"shipping-taxable","14":"purchasable","15":"product-type-simple"},"_links":{"self":[{"href":"https:\/\/k-var.eu\/hr\/wp-json\/wp\/v2\/product\/2285","targetHints":{"allow":["GET"]}}],"collection":[{"href":"https:\/\/k-var.eu\/hr\/wp-json\/wp\/v2\/product"}],"about":[{"href":"https:\/\/k-var.eu\/hr\/wp-json\/wp\/v2\/types\/product"}],"wp:featuredmedia":[{"embeddable":true,"href":"https:\/\/k-var.eu\/hr\/wp-json\/wp\/v2\/media\/2250"}],"wp:attachment":[{"href":"https:\/\/k-var.eu\/hr\/wp-json\/wp\/v2\/media?parent=2285"}],"wp:term":[{"taxonomy":"product_brand","embeddable":true,"href":"https:\/\/k-var.eu\/hr\/wp-json\/wp\/v2\/product_brand?post=2285"},{"taxonomy":"product_cat","embeddable":true,"href":"https:\/\/k-var.eu\/hr\/wp-json\/wp\/v2\/product_cat?post=2285"},{"taxonomy":"product_tag","embeddable":true,"href":"https:\/\/k-var.eu\/hr\/wp-json\/wp\/v2\/product_tag?post=2285"}],"curies":[{"name":"wp","href":"https:\/\/api.w.org\/{rel}","templated":true}]}}