{"id":2283,"date":"2026-02-17T10:29:57","date_gmt":"2026-02-17T09:29:57","guid":{"rendered":"https:\/\/k-var.eu\/trgovina\/Bez%20kategorije\/univerzalni-nosilec-za-montazo-zara-na-ograjo\/"},"modified":"2026-02-17T14:08:15","modified_gmt":"2026-02-17T13:08:15","slug":"univerzalni-nosac-za-montazu-rostilja-na-ogradu","status":"publish","type":"product","link":"https:\/\/k-var.eu\/hr\/trgovina\/univerzalni-nosac-za-montazu-rostilja-na-ogradu\/","title":{"rendered":"Univerzalni nosa\u010d za monta\u017eu ro\u0161tilja na ogradu"},"content":{"rendered":"<p><strong>Univerzalni nosa\u010d za monta\u017eu ro\u0161tilja<\/strong> je robustan i stabilan nosa\u010d za pri\u010dvr\u0161\u0107ivanje Dickinson ro\u0161tilja na ogradu plovila. Prikladan je za okrugle ili kvadratne cijevi promjera od 7\/8&#8243; do 1&#8243; (pribli\u017eno 22\u201325 mm).<\/p>\n<ul>\n<li><strong>Kompatibilnost:<\/strong> svi modeli Dickinson ro\u0161tilja<\/li>\n<li><strong>Monta\u017ea:<\/strong> okrugla ili kvadratna ograda (7\/8&#8243; \u2013 1&#8243;)<\/li>\n<li><strong>Uporaba:<\/strong> vertikalni, horizontalni ili blago nagnuti dijelovi ograde<\/li>\n<li><strong>Sustav:<\/strong> mehanizam za brzo skidanje ro\u0161tilja<\/li>\n<li><strong>Napomena:<\/strong> kod debljih cijevi potrebni su du\u017ei vijci<\/li>\n<\/ul>\n","protected":false},"excerpt":{"rendered":"<p><strong>Univerzalni nosa\u010d za monta\u017eu ro\u0161tilja na ogradu (reling)<\/strong> omogu\u0107uje sigurnu i stabilnu ugradnju Dickinson ro\u0161tilja na plovilu. Prikladan je za okrugle ili kvadratne cijevi te omogu\u0107uje brzo skidanje ro\u0161tilja.<\/p>\n","protected":false},"featured_media":2245,"template":"","meta":[],"product_brand":[78],"product_cat":[176,54],"product_tag":[],"class_list":{"0":"post-2283","1":"product","2":"type-product","3":"status-publish","4":"has-post-thumbnail","6":"product_brand-dickinson-marine","7":"product_cat-dickinson-marine-dodaci","8":"product_cat-oprema-za-rostilj","9":"product_shipping_class-oprema-hr","11":"first","12":"instock","13":"shipping-taxable","14":"purchasable","15":"product-type-simple"},"_links":{"self":[{"href":"https:\/\/k-var.eu\/hr\/wp-json\/wp\/v2\/product\/2283","targetHints":{"allow":["GET"]}}],"collection":[{"href":"https:\/\/k-var.eu\/hr\/wp-json\/wp\/v2\/product"}],"about":[{"href":"https:\/\/k-var.eu\/hr\/wp-json\/wp\/v2\/types\/product"}],"wp:featuredmedia":[{"embeddable":true,"href":"https:\/\/k-var.eu\/hr\/wp-json\/wp\/v2\/media\/2245"}],"wp:attachment":[{"href":"https:\/\/k-var.eu\/hr\/wp-json\/wp\/v2\/media?parent=2283"}],"wp:term":[{"taxonomy":"product_brand","embeddable":true,"href":"https:\/\/k-var.eu\/hr\/wp-json\/wp\/v2\/product_brand?post=2283"},{"taxonomy":"product_cat","embeddable":true,"href":"https:\/\/k-var.eu\/hr\/wp-json\/wp\/v2\/product_cat?post=2283"},{"taxonomy":"product_tag","embeddable":true,"href":"https:\/\/k-var.eu\/hr\/wp-json\/wp\/v2\/product_tag?post=2283"}],"curies":[{"name":"wp","href":"https:\/\/api.w.org\/{rel}","templated":true}]}}