{"id":2271,"date":"2026-02-17T10:00:30","date_gmt":"2026-02-17T09:00:30","guid":{"rendered":"https:\/\/k-var.eu\/trgovina\/Bez%20kategorije\/vinilna-zascitna-prevleka-za-zar\/"},"modified":"2026-02-17T14:20:08","modified_gmt":"2026-02-17T13:20:08","slug":"vinilna-zastitna-navlaka-za-rostilj","status":"publish","type":"product","link":"https:\/\/k-var.eu\/hr\/trgovina\/vinilna-zastitna-navlaka-za-rostilj\/","title":{"rendered":"Vinilna za\u0161titna navlaka za ro\u0161tilj"},"content":{"rendered":"<p><strong>Za\u0161titna navlaka za ro\u0161tilj Sea-B-Que<\/strong> izra\u0111ena je od izdr\u017eljivog vinila, prikladnog za vanjsku uporabu. Namijenjena je za\u0161titi ro\u0161tilja od ki\u0161e, sunca, pra\u0161ine i drugih vremenskih utjecaja te poma\u017ee odr\u017eavati ro\u0161tilj u dobrom stanju tijekom skladi\u0161tenja ili kada nije u uporabi.<\/p>\n<ul>\n<li><strong>Materijal:<\/strong> izdr\u017eljiv vinil za vanjsku uporabu<\/li>\n<li><strong>Boja:<\/strong> crna<\/li>\n<li><strong>Logotip:<\/strong> bijeli Dickinson logotip na prednjoj strani<\/li>\n<li><strong>Veli\u010dine:<\/strong> Sea-B-Que Small i Sea-B-Que Large<\/li>\n<\/ul>\n","protected":false},"excerpt":{"rendered":"<p><strong>Vinilna za\u0161titna navlaka za ro\u0161tilj Sea-B-Que<\/strong> namijenjena je za\u0161titi ro\u0161tilja od ki\u0161e, sunca i drugih vremenskih utjecaja. Dostupna je u crnoj boji s bijelim Dickinson logotipom te u dvije veli\u010dine: Small i Large.<\/p>\n","protected":false},"featured_media":2233,"template":"","meta":[],"product_brand":[78],"product_cat":[176,54],"product_tag":[],"class_list":{"0":"post-2271","1":"product","2":"type-product","3":"status-publish","4":"has-post-thumbnail","6":"product_brand-dickinson-marine","7":"product_cat-dickinson-marine-dodaci","8":"product_cat-oprema-za-rostilj","9":"product_shipping_class-oprema-hr","11":"first","12":"instock","13":"shipping-taxable","14":"purchasable","15":"product-type-variable"},"_links":{"self":[{"href":"https:\/\/k-var.eu\/hr\/wp-json\/wp\/v2\/product\/2271","targetHints":{"allow":["GET"]}}],"collection":[{"href":"https:\/\/k-var.eu\/hr\/wp-json\/wp\/v2\/product"}],"about":[{"href":"https:\/\/k-var.eu\/hr\/wp-json\/wp\/v2\/types\/product"}],"wp:featuredmedia":[{"embeddable":true,"href":"https:\/\/k-var.eu\/hr\/wp-json\/wp\/v2\/media\/2233"}],"wp:attachment":[{"href":"https:\/\/k-var.eu\/hr\/wp-json\/wp\/v2\/media?parent=2271"}],"wp:term":[{"taxonomy":"product_brand","embeddable":true,"href":"https:\/\/k-var.eu\/hr\/wp-json\/wp\/v2\/product_brand?post=2271"},{"taxonomy":"product_cat","embeddable":true,"href":"https:\/\/k-var.eu\/hr\/wp-json\/wp\/v2\/product_cat?post=2271"},{"taxonomy":"product_tag","embeddable":true,"href":"https:\/\/k-var.eu\/hr\/wp-json\/wp\/v2\/product_tag?post=2271"}],"curies":[{"name":"wp","href":"https:\/\/api.w.org\/{rel}","templated":true}]}}