{"id":1933,"date":"2025-06-13T13:11:31","date_gmt":"2025-06-13T11:11:31","guid":{"rendered":"https:\/\/k-var.eu\/trgovina\/Bez%20kategorije\/nosilec-zara-montaza-na-nosilec-pomoznega-motorja\/"},"modified":"2025-06-13T13:20:25","modified_gmt":"2025-06-13T11:20:25","slug":"nosac-rostilja-montaza-na-nosac-pomocnog-motora","status":"publish","type":"product","link":"https:\/\/k-var.eu\/hr\/trgovina\/nosac-rostilja-montaza-na-nosac-pomocnog-motora\/","title":{"rendered":"Nosa\u010d ro\u0161tilja (monta\u017ea na nosa\u010d pomo\u0107nog motora)"},"content":{"rendered":"<p><strong>Nosa\u010d ro\u0161tilja za monta\u017eu na nosa\u010d pomo\u0107nog motora<\/strong> omogu\u0107uje sigurno i stabilno postavljanje ro\u0161tilja na plovilu. Izra\u0111en je od <strong>visokokvalitetnog nehr\u0111aju\u0107eg \u010delika (inox)<\/strong>, koji pru\u017ea dugotrajnu izdr\u017eljivost i izvrsnu otpornost na koroziju u morskom okru\u017eenju.<\/p>\n<p>Nosa\u010d se pri\u010dvr\u0161\u0107uje <strong>na cijev postoje\u0107eg nosa\u010da pomo\u0107nog motora<\/strong> i kompatibilan je sa svim <strong>K-VAR nautic\u030ckim ro\u0161tiljima<\/strong>. Ovo rje\u0161enje omogu\u0107uje optimalno kori\u0161tenje prostora i jednostavno ro\u0161tiljanje tijekom plovidbe, sidrenja ili boravka u marinama.<\/p>\n","protected":false},"excerpt":{"rendered":"<p><strong>Nosa\u010d ro\u0161tilja od nehr\u0111aju\u0107eg \u010delika<\/strong>, namijenjen <strong>monta\u017ei na postoje\u0107i nosa\u010d pomo\u0107nog motora<\/strong>. Prakti\u010dno rje\u0161enje za ro\u0161tiljanje na brodu uz kori\u0161tenje postoje\u0107e opreme.<\/p>\n","protected":false},"featured_media":1931,"template":"","meta":[],"product_brand":[],"product_cat":[54],"product_tag":[],"class_list":{"0":"post-1933","1":"product","2":"type-product","3":"status-publish","4":"has-post-thumbnail","6":"product_cat-oprema-za-rostilj","8":"first","9":"instock","10":"shipping-taxable","11":"purchasable","12":"product-type-simple"},"_links":{"self":[{"href":"https:\/\/k-var.eu\/hr\/wp-json\/wp\/v2\/product\/1933","targetHints":{"allow":["GET"]}}],"collection":[{"href":"https:\/\/k-var.eu\/hr\/wp-json\/wp\/v2\/product"}],"about":[{"href":"https:\/\/k-var.eu\/hr\/wp-json\/wp\/v2\/types\/product"}],"wp:featuredmedia":[{"embeddable":true,"href":"https:\/\/k-var.eu\/hr\/wp-json\/wp\/v2\/media\/1931"}],"wp:attachment":[{"href":"https:\/\/k-var.eu\/hr\/wp-json\/wp\/v2\/media?parent=1933"}],"wp:term":[{"taxonomy":"product_brand","embeddable":true,"href":"https:\/\/k-var.eu\/hr\/wp-json\/wp\/v2\/product_brand?post=1933"},{"taxonomy":"product_cat","embeddable":true,"href":"https:\/\/k-var.eu\/hr\/wp-json\/wp\/v2\/product_cat?post=1933"},{"taxonomy":"product_tag","embeddable":true,"href":"https:\/\/k-var.eu\/hr\/wp-json\/wp\/v2\/product_tag?post=1933"}],"curies":[{"name":"wp","href":"https:\/\/api.w.org\/{rel}","templated":true}]}}