{"id":1923,"date":"2025-05-21T13:15:30","date_gmt":"2025-05-21T11:15:30","guid":{"rendered":"https:\/\/k-var.eu\/trgovina\/Bez%20kategorije\/nosilec-zara-montaza-na-platformo-fi-25-mm\/"},"modified":"2025-06-13T11:38:47","modified_gmt":"2025-06-13T09:38:47","slug":"nosac-rostilja-montaza-na-platformu-25-mm","status":"publish","type":"product","link":"https:\/\/k-var.eu\/hr\/trgovina\/nosac-rostilja-montaza-na-platformu-25-mm\/","title":{"rendered":"Nosa\u010d ro\u0161tilja (monta\u017ea na platformu) \u2300 25 mm"},"content":{"rendered":"<p><strong>Nosa\u010d ro\u0161tilja za monta\u017eu na platformu<\/strong> idealno je rje\u0161enje za sve koji \u017eele stabilno i sigurno postavljanje ro\u0161tilja na stra\u017enjem dijelu plovila. Izra\u0111en je od <strong>nehr\u0111aju\u0107eg \u010delika (inox)<\/strong> i ima <strong>cijev promjera 25 mm<\/strong>, \u0161to jam\u010di izdr\u017eljivost i otpornost na koroziju \u010dak i u zahtjevnim morskim uvjetima.<\/p>\n<p>Nosa\u010d se jednostavno pri\u010dvr\u0161\u0107uje <strong>na ravnu povr\u0161inu platforme<\/strong> i omogu\u0107uje brzo i sigurno postavljanje ro\u0161tilja. Kompatibilan je sa svim <strong>K-VAR nautic\u030ckim ro\u0161tiljima<\/strong>. Idealan za kori\u0161tenje tijekom plovidbe, sidrenja ili u marinama.<\/p>\n","protected":false},"excerpt":{"rendered":"<p><strong>Stabilan nosa\u010d za ro\u0161tilj s inox cijevi promjera 25 mm<\/strong>, namijenjen za monta\u017eu <strong>na platformu plovila<\/strong>. Odli\u010dno rje\u0161enje za <strong>sigurno ro\u0161tiljanje na moru<\/strong>.<\/p>\n","protected":false},"featured_media":1921,"template":"","meta":[],"product_brand":[],"product_cat":[54],"product_tag":[],"class_list":{"0":"post-1923","1":"product","2":"type-product","3":"status-publish","4":"has-post-thumbnail","6":"product_cat-oprema-za-rostilj","8":"first","9":"instock","10":"shipping-taxable","11":"purchasable","12":"product-type-simple"},"_links":{"self":[{"href":"https:\/\/k-var.eu\/hr\/wp-json\/wp\/v2\/product\/1923","targetHints":{"allow":["GET"]}}],"collection":[{"href":"https:\/\/k-var.eu\/hr\/wp-json\/wp\/v2\/product"}],"about":[{"href":"https:\/\/k-var.eu\/hr\/wp-json\/wp\/v2\/types\/product"}],"wp:featuredmedia":[{"embeddable":true,"href":"https:\/\/k-var.eu\/hr\/wp-json\/wp\/v2\/media\/1921"}],"wp:attachment":[{"href":"https:\/\/k-var.eu\/hr\/wp-json\/wp\/v2\/media?parent=1923"}],"wp:term":[{"taxonomy":"product_brand","embeddable":true,"href":"https:\/\/k-var.eu\/hr\/wp-json\/wp\/v2\/product_brand?post=1923"},{"taxonomy":"product_cat","embeddable":true,"href":"https:\/\/k-var.eu\/hr\/wp-json\/wp\/v2\/product_cat?post=1923"},{"taxonomy":"product_tag","embeddable":true,"href":"https:\/\/k-var.eu\/hr\/wp-json\/wp\/v2\/product_tag?post=1923"}],"curies":[{"name":"wp","href":"https:\/\/api.w.org\/{rel}","templated":true}]}}