{"id":1891,"date":"2025-05-21T11:46:34","date_gmt":"2025-05-21T09:46:34","guid":{"rendered":"https:\/\/k-var.eu\/trgovina\/Bez%20kategorije\/lopatka-za-ciscenje-zara\/"},"modified":"2025-05-21T11:54:44","modified_gmt":"2025-05-21T09:54:44","slug":"lopatica-za-ciscenje-rostilja","status":"publish","type":"product","link":"https:\/\/k-var.eu\/hr\/trgovina\/lopatica-za-ciscenje-rostilja\/","title":{"rendered":"Lopatica za \u010di\u0161\u0107enje ro\u0161tilja"},"content":{"rendered":"<p><strong>Ova kvalitetna lopatica izra\u0111ena je od sna\u017enog nehr\u0111aju\u0107eg \u010delika<\/strong> koji u\u010dinkovito uklanja zagorjelu masno\u0107u, ostatke hrane i prljav\u0161tinu s povr\u0161ina ro\u0161tilja. <strong>\u0160iroki rub omogu\u0107uje temeljito \u010di\u0161\u0107enje ve\u0107ih povr\u0161ina<\/strong>, dok <strong>ergonomski oblikovana drvena dr\u0161ka<\/strong> pru\u017ea dobar hvat i udobnost pri kori\u0161tenju, \u010dak i pri visokim temperaturama. Zahvaljuju\u0107i <strong>izdr\u017eljivoj konstrukciji i materijalima otpornima na koroziju<\/strong>, idealna je za kori\u0161tenje na brodu, u kampu ili ku\u0107noj kuhinji.<\/p>\n","protected":false},"excerpt":{"rendered":"<p><strong>Izdr\u017eljiva lopatica od nehr\u0111aju\u0107eg \u010delika s drvenom dr\u0161kom<\/strong>, idealna za u\u010dinkovito \u010di\u0161\u0107enje ro\u0161tilja nakon pe\u010denja.<\/p>\n","protected":false},"featured_media":2440,"template":"","meta":[],"product_brand":[],"product_cat":[54],"product_tag":[],"class_list":{"0":"post-1891","1":"product","2":"type-product","3":"status-publish","4":"has-post-thumbnail","6":"product_cat-oprema-za-rostilj","8":"first","9":"instock","10":"shipping-taxable","11":"purchasable","12":"product-type-simple"},"_links":{"self":[{"href":"https:\/\/k-var.eu\/hr\/wp-json\/wp\/v2\/product\/1891","targetHints":{"allow":["GET"]}}],"collection":[{"href":"https:\/\/k-var.eu\/hr\/wp-json\/wp\/v2\/product"}],"about":[{"href":"https:\/\/k-var.eu\/hr\/wp-json\/wp\/v2\/types\/product"}],"wp:featuredmedia":[{"embeddable":true,"href":"https:\/\/k-var.eu\/hr\/wp-json\/wp\/v2\/media\/2440"}],"wp:attachment":[{"href":"https:\/\/k-var.eu\/hr\/wp-json\/wp\/v2\/media?parent=1891"}],"wp:term":[{"taxonomy":"product_brand","embeddable":true,"href":"https:\/\/k-var.eu\/hr\/wp-json\/wp\/v2\/product_brand?post=1891"},{"taxonomy":"product_cat","embeddable":true,"href":"https:\/\/k-var.eu\/hr\/wp-json\/wp\/v2\/product_cat?post=1891"},{"taxonomy":"product_tag","embeddable":true,"href":"https:\/\/k-var.eu\/hr\/wp-json\/wp\/v2\/product_tag?post=1891"}],"curies":[{"name":"wp","href":"https:\/\/api.w.org\/{rel}","templated":true}]}}