{"id":1882,"date":"2025-05-21T11:35:07","date_gmt":"2025-05-21T09:35:07","guid":{"rendered":"https:\/\/k-var.eu\/trgovina\/Bez%20kategorije\/vodoodporno-pokrivalo-za-zar\/"},"modified":"2025-05-21T11:40:48","modified_gmt":"2025-05-21T09:40:48","slug":"vodootporno-pokrivalo-za-rostilj","status":"publish","type":"product","link":"https:\/\/k-var.eu\/hr\/trgovina\/vodootporno-pokrivalo-za-rostilj\/","title":{"rendered":"Vodootporno pokrivalo za ro\u0161tilj"},"content":{"rendered":"<p>Pokrivalo za ro\u0161tilj pru\u017ea pouzdanu za\u0161titu od ki\u0161e, sunca, pra\u0161ine i soli \u2013 idealno za upotrebu u morskom okru\u017eenju. Izra\u0111eno je od kvalitetnog materijala otpornog na blije\u0111enje i trganje, \u0161to jam\u010di dugotrajnu upotrebu \u010dak i pri jakom UV zra\u010denju i izlo\u017eenosti slanom zraku.<\/p>\n<p>Na donjem rubu ima <strong>najlonsku vezicu s \u010depom<\/strong> koja omogu\u0107uje \u010dvrsto i sigurno pri\u010dvr\u0161\u0107ivanje, \u010dak i pri vjetrovitom vremenu. Pokrivalo se lako postavlja i uklanja, a va\u0161 ro\u0161tilj ostaje \u010dist i za\u0161ti\u0107en kada nije u upotrebi.<\/p>\n","protected":false},"excerpt":{"rendered":"<p>Vodootporno pokrivalo za ro\u0161tilj izra\u0111eno od izdr\u017eljivog materijala, otporno na sunce, ki\u0161u i trganje. Sadr\u017ei vezicu za sigurno pri\u010dvr\u0161\u0107ivanje.<\/p>\n","protected":false},"featured_media":1880,"template":"","meta":[],"product_brand":[],"product_cat":[54],"product_tag":[],"class_list":{"0":"post-1882","1":"product","2":"type-product","3":"status-publish","4":"has-post-thumbnail","6":"product_cat-oprema-za-rostilj","8":"first","9":"instock","10":"shipping-taxable","11":"purchasable","12":"product-type-simple"},"_links":{"self":[{"href":"https:\/\/k-var.eu\/hr\/wp-json\/wp\/v2\/product\/1882","targetHints":{"allow":["GET"]}}],"collection":[{"href":"https:\/\/k-var.eu\/hr\/wp-json\/wp\/v2\/product"}],"about":[{"href":"https:\/\/k-var.eu\/hr\/wp-json\/wp\/v2\/types\/product"}],"wp:featuredmedia":[{"embeddable":true,"href":"https:\/\/k-var.eu\/hr\/wp-json\/wp\/v2\/media\/1880"}],"wp:attachment":[{"href":"https:\/\/k-var.eu\/hr\/wp-json\/wp\/v2\/media?parent=1882"}],"wp:term":[{"taxonomy":"product_brand","embeddable":true,"href":"https:\/\/k-var.eu\/hr\/wp-json\/wp\/v2\/product_brand?post=1882"},{"taxonomy":"product_cat","embeddable":true,"href":"https:\/\/k-var.eu\/hr\/wp-json\/wp\/v2\/product_cat?post=1882"},{"taxonomy":"product_tag","embeddable":true,"href":"https:\/\/k-var.eu\/hr\/wp-json\/wp\/v2\/product_tag?post=1882"}],"curies":[{"name":"wp","href":"https:\/\/api.w.org\/{rel}","templated":true}]}}