{"id":1859,"date":"2025-05-15T12:47:42","date_gmt":"2025-05-15T10:47:42","guid":{"rendered":"https:\/\/k-var.eu\/trgovina\/Bez%20kategorije\/nogice-za-zar\/"},"modified":"2025-05-15T12:52:16","modified_gmt":"2025-05-15T10:52:16","slug":"noge-za-rostilj","status":"publish","type":"product","link":"https:\/\/k-var.eu\/hr\/trgovina\/noge-za-rostilj\/","title":{"rendered":"Noge za ro\u0161tilj"},"content":{"rendered":"<p class=\"\" data-start=\"519\" data-end=\"689\">Noge za ro\u0161tilj izra\u0111ene su od visokokvalitetnog nehr\u0111aju\u0107eg \u010delika, \u0161to osigurava izvrsnu stabilnost i otpornost na koroziju u svim vremenskim uvjetima.<\/p>\n","protected":false},"excerpt":{"rendered":"<p>Noge od nehr\u0111aju\u0107eg \u010delika za stabilno postavljanje ro\u0161tilja na \u010damcu, molu ili drugim ravnim povr\u0161inama.<\/p>\n","protected":false},"featured_media":1857,"template":"","meta":[],"product_brand":[],"product_cat":[54],"product_tag":[72],"class_list":{"0":"post-1859","1":"product","2":"type-product","3":"status-publish","4":"has-post-thumbnail","6":"product_cat-oprema-za-rostilj","7":"product_tag-nosaci","9":"first","10":"instock","11":"shipping-taxable","12":"purchasable","13":"product-type-simple"},"_links":{"self":[{"href":"https:\/\/k-var.eu\/hr\/wp-json\/wp\/v2\/product\/1859","targetHints":{"allow":["GET"]}}],"collection":[{"href":"https:\/\/k-var.eu\/hr\/wp-json\/wp\/v2\/product"}],"about":[{"href":"https:\/\/k-var.eu\/hr\/wp-json\/wp\/v2\/types\/product"}],"wp:featuredmedia":[{"embeddable":true,"href":"https:\/\/k-var.eu\/hr\/wp-json\/wp\/v2\/media\/1857"}],"wp:attachment":[{"href":"https:\/\/k-var.eu\/hr\/wp-json\/wp\/v2\/media?parent=1859"}],"wp:term":[{"taxonomy":"product_brand","embeddable":true,"href":"https:\/\/k-var.eu\/hr\/wp-json\/wp\/v2\/product_brand?post=1859"},{"taxonomy":"product_cat","embeddable":true,"href":"https:\/\/k-var.eu\/hr\/wp-json\/wp\/v2\/product_cat?post=1859"},{"taxonomy":"product_tag","embeddable":true,"href":"https:\/\/k-var.eu\/hr\/wp-json\/wp\/v2\/product_tag?post=1859"}],"curies":[{"name":"wp","href":"https:\/\/api.w.org\/{rel}","templated":true}]}}