{"id":1765,"date":"2025-02-11T12:24:16","date_gmt":"2025-02-11T11:24:16","guid":{"rendered":"https:\/\/k-var.eu\/?post_type=product&#038;p=1765"},"modified":"2025-02-12T09:51:26","modified_gmt":"2025-02-12T08:51:26","slug":"nosac-rostilja-s-regulacijom-nagiba","status":"publish","type":"product","link":"https:\/\/k-var.eu\/hr\/trgovina\/nosac-rostilja-s-regulacijom-nagiba\/","title":{"rendered":"Nosa\u010d ro\u0161tilja s regulacijom nagiba"},"content":{"rendered":"<p>Nosa\u010d za monta\u017eu na ogradu s regulacijom nagiba za cijev fi 22-25 mm.<\/p>\n","protected":false},"excerpt":{"rendered":"<p>Nosa\u010d za monta\u017eu na ogradu s regulacijom nagiba za cijev fi 22-25 mm.<\/p>\n","protected":false},"featured_media":1768,"template":"","meta":[],"product_brand":[],"product_cat":[54],"product_tag":[72],"class_list":{"0":"post-1765","1":"product","2":"type-product","3":"status-publish","4":"has-post-thumbnail","6":"product_cat-oprema-za-rostilj","7":"product_tag-nosaci","8":"product_shipping_class-oprema-hr","10":"first","11":"instock","12":"shipping-taxable","13":"purchasable","14":"product-type-simple"},"_links":{"self":[{"href":"https:\/\/k-var.eu\/hr\/wp-json\/wp\/v2\/product\/1765","targetHints":{"allow":["GET"]}}],"collection":[{"href":"https:\/\/k-var.eu\/hr\/wp-json\/wp\/v2\/product"}],"about":[{"href":"https:\/\/k-var.eu\/hr\/wp-json\/wp\/v2\/types\/product"}],"wp:featuredmedia":[{"embeddable":true,"href":"https:\/\/k-var.eu\/hr\/wp-json\/wp\/v2\/media\/1768"}],"wp:attachment":[{"href":"https:\/\/k-var.eu\/hr\/wp-json\/wp\/v2\/media?parent=1765"}],"wp:term":[{"taxonomy":"product_brand","embeddable":true,"href":"https:\/\/k-var.eu\/hr\/wp-json\/wp\/v2\/product_brand?post=1765"},{"taxonomy":"product_cat","embeddable":true,"href":"https:\/\/k-var.eu\/hr\/wp-json\/wp\/v2\/product_cat?post=1765"},{"taxonomy":"product_tag","embeddable":true,"href":"https:\/\/k-var.eu\/hr\/wp-json\/wp\/v2\/product_tag?post=1765"}],"curies":[{"name":"wp","href":"https:\/\/api.w.org\/{rel}","templated":true}]}}