{"id":1527,"date":"2024-02-14T12:48:35","date_gmt":"2024-02-14T11:48:35","guid":{"rendered":"https:\/\/k-var.eu\/trgovina\/Bez%20kategorije\/nosilec-zara-ribiske-palice-montaza-na-ograjo\/"},"modified":"2025-05-21T10:49:22","modified_gmt":"2025-05-21T08:49:22","slug":"nosac-rostilja-stapovi-za-pecanje-montaza-na-ogradu","status":"publish","type":"product","link":"https:\/\/k-var.eu\/hr\/trgovina\/nosac-rostilja-stapovi-za-pecanje-montaza-na-ogradu\/","title":{"rendered":"Nosa\u010d ro\u0161tilja (za nosa\u010d \u0161tapa)"},"content":{"rendered":"<p>Nosa\u010d omogu\u0107uje brzo i sigurno postavljanje ro\u0161tilja na plovilu. Izra\u0111en je od <strong>visokokvalitetnog nehr\u0111aju\u0107eg \u010delika (inox)<\/strong>, \u0161to osigurava dugotrajnost i otpornost na koroziju u morskim uvjetima.<\/p>\n<p>Ume\u0107e se izravno u <strong>postoje\u0107i nosa\u010d za ribolovni \u0161tap<\/strong> promjera <strong>41 do 46 mm<\/strong>, \u0161to ga \u010dini pogodnim za ve\u0107inu motornih \u010damaca i jahti. <strong>Nosa\u010d za \u0161tap nije uklju\u010den<\/strong>.<\/p>\n<p>Ovakav na\u010din monta\u017ee omogu\u0107uje brzo postavljanje i uklanjanje ro\u0161tilja uz o\u010duvanje izgleda i funkcionalnosti plovila.<\/p>\n","protected":false},"excerpt":{"rendered":"<p><strong>Nosa\u010d ro\u0161tilja od nehr\u0111aju\u0107eg \u010delika<\/strong> koji se postavlja u <strong>postoje\u0107i nosa\u010d za ribolovni \u0161tap<\/strong> (\u2300 41\u201346 mm).<\/p>\n","protected":false},"featured_media":1873,"template":"","meta":[],"product_brand":[],"product_cat":[54],"product_tag":[72],"class_list":{"0":"post-1527","1":"product","2":"type-product","3":"status-publish","4":"has-post-thumbnail","6":"product_cat-oprema-za-rostilj","7":"product_tag-nosaci","8":"product_shipping_class-oprema-hr","10":"first","11":"instock","12":"sale","13":"shipping-taxable","14":"purchasable","15":"product-type-simple"},"_links":{"self":[{"href":"https:\/\/k-var.eu\/hr\/wp-json\/wp\/v2\/product\/1527","targetHints":{"allow":["GET"]}}],"collection":[{"href":"https:\/\/k-var.eu\/hr\/wp-json\/wp\/v2\/product"}],"about":[{"href":"https:\/\/k-var.eu\/hr\/wp-json\/wp\/v2\/types\/product"}],"wp:featuredmedia":[{"embeddable":true,"href":"https:\/\/k-var.eu\/hr\/wp-json\/wp\/v2\/media\/1873"}],"wp:attachment":[{"href":"https:\/\/k-var.eu\/hr\/wp-json\/wp\/v2\/media?parent=1527"}],"wp:term":[{"taxonomy":"product_brand","embeddable":true,"href":"https:\/\/k-var.eu\/hr\/wp-json\/wp\/v2\/product_brand?post=1527"},{"taxonomy":"product_cat","embeddable":true,"href":"https:\/\/k-var.eu\/hr\/wp-json\/wp\/v2\/product_cat?post=1527"},{"taxonomy":"product_tag","embeddable":true,"href":"https:\/\/k-var.eu\/hr\/wp-json\/wp\/v2\/product_tag?post=1527"}],"curies":[{"name":"wp","href":"https:\/\/api.w.org\/{rel}","templated":true}]}}