{"id":1526,"date":"2024-02-14T12:49:54","date_gmt":"2024-02-14T11:49:54","guid":{"rendered":"https:\/\/k-var.eu\/trgovina\/Bez%20kategorije\/nosilec-zara-inox-316-noga-montaza-na-platformo\/"},"modified":"2025-06-13T12:12:02","modified_gmt":"2025-06-13T10:12:02","slug":"nosac-rostilja-montaza-na-platformu-55-mm","status":"publish","type":"product","link":"https:\/\/k-var.eu\/hr\/trgovina\/nosac-rostilja-montaza-na-platformu-55-mm\/","title":{"rendered":"Nosa\u010d ro\u0161tilja (monta\u017ea na platformu) \u2300 55 mm"},"content":{"rendered":"<p><strong>Nosa\u010d ro\u0161tilja za monta\u017eu na platformu<\/strong> savr\u0161eno je rje\u0161enje za stabilno i sigurno postavljanje ro\u0161tilja na stra\u017enjem dijelu plovila. Izra\u0111en je od <strong>visokokvalitetnog nehr\u0111aju\u0107eg \u010delika AISI 316<\/strong>, koji pru\u017ea izvrsnu otpornost na koroziju u zahtjevnim morskim uvjetima.<\/p>\n<p>Sastoji se od <strong>cijevi promjera 55 mm<\/strong> i dvije <strong>baze promjera 160\u2013165 mm<\/strong> za \u010dvrsto pri\u010dvr\u0161\u0107ivanje na ravnu povr\u0161inu. <strong>Ukupna visina nosa\u010da je 700 mm<\/strong>. Rastavljiv dizajn omogu\u0107uje jednostavno spremanje i prakti\u010dnu upotrebu u ograni\u010denom prostoru. Kompatibilan sa svim <strong>K-VAR nautic\u030ckim ro\u0161tiljima<\/strong>.<\/p>\n","protected":false},"excerpt":{"rendered":"<p><strong>Robustan, rastavljiv nosa\u010d za ro\u0161tilj<\/strong> izra\u0111en od <strong>nehr\u0111aju\u0107eg \u010delika AISI 316<\/strong>, namijenjen za <strong>monta\u017eu na platformu plovila<\/strong>. Sadr\u017ei <strong>cijev promjera 55 mm<\/strong> i <strong>dva nosa\u010da baze<\/strong> za sigurno pri\u010dvr\u0161\u0107ivanje.<\/p>\n","protected":false},"featured_media":1907,"template":"","meta":[],"product_brand":[],"product_cat":[54],"product_tag":[72],"class_list":{"0":"post-1526","1":"product","2":"type-product","3":"status-publish","4":"has-post-thumbnail","6":"product_cat-oprema-za-rostilj","7":"product_tag-nosaci","8":"product_shipping_class-oprema-hr","10":"first","11":"instock","12":"shipping-taxable","13":"purchasable","14":"product-type-simple"},"_links":{"self":[{"href":"https:\/\/k-var.eu\/hr\/wp-json\/wp\/v2\/product\/1526","targetHints":{"allow":["GET"]}}],"collection":[{"href":"https:\/\/k-var.eu\/hr\/wp-json\/wp\/v2\/product"}],"about":[{"href":"https:\/\/k-var.eu\/hr\/wp-json\/wp\/v2\/types\/product"}],"wp:featuredmedia":[{"embeddable":true,"href":"https:\/\/k-var.eu\/hr\/wp-json\/wp\/v2\/media\/1907"}],"wp:attachment":[{"href":"https:\/\/k-var.eu\/hr\/wp-json\/wp\/v2\/media?parent=1526"}],"wp:term":[{"taxonomy":"product_brand","embeddable":true,"href":"https:\/\/k-var.eu\/hr\/wp-json\/wp\/v2\/product_brand?post=1526"},{"taxonomy":"product_cat","embeddable":true,"href":"https:\/\/k-var.eu\/hr\/wp-json\/wp\/v2\/product_cat?post=1526"},{"taxonomy":"product_tag","embeddable":true,"href":"https:\/\/k-var.eu\/hr\/wp-json\/wp\/v2\/product_tag?post=1526"}],"curies":[{"name":"wp","href":"https:\/\/api.w.org\/{rel}","templated":true}]}}