{"id":1525,"date":"2024-02-14T12:53:05","date_gmt":"2024-02-14T11:53:05","guid":{"rendered":"https:\/\/k-var.eu\/trgovina\/Bez%20kategorije\/nosilec-ribiske-palice-montaza-na-ograjo\/"},"modified":"2024-03-28T11:46:33","modified_gmt":"2024-03-28T10:46:33","slug":"nosac-stapa-za-pecanje-montaza-na-ogradu","status":"publish","type":"product","link":"https:\/\/k-var.eu\/hr\/trgovina\/nosac-stapa-za-pecanje-montaza-na-ogradu\/","title":{"rendered":"Nosa\u010d \u0161tapa za pecanje (monta\u017ea na ogradu)"},"content":{"rendered":"","protected":false},"excerpt":{"rendered":"","protected":false},"featured_media":1209,"template":"","meta":[],"product_brand":[],"product_cat":[54],"product_tag":[72],"class_list":{"0":"post-1525","1":"product","2":"type-product","3":"status-publish","4":"has-post-thumbnail","6":"product_cat-oprema-za-rostilj","7":"product_tag-nosaci","8":"product_shipping_class-oprema-hr","10":"first","11":"instock","12":"shipping-taxable","13":"purchasable","14":"product-type-simple"},"_links":{"self":[{"href":"https:\/\/k-var.eu\/hr\/wp-json\/wp\/v2\/product\/1525","targetHints":{"allow":["GET"]}}],"collection":[{"href":"https:\/\/k-var.eu\/hr\/wp-json\/wp\/v2\/product"}],"about":[{"href":"https:\/\/k-var.eu\/hr\/wp-json\/wp\/v2\/types\/product"}],"wp:featuredmedia":[{"embeddable":true,"href":"https:\/\/k-var.eu\/hr\/wp-json\/wp\/v2\/media\/1209"}],"wp:attachment":[{"href":"https:\/\/k-var.eu\/hr\/wp-json\/wp\/v2\/media?parent=1525"}],"wp:term":[{"taxonomy":"product_brand","embeddable":true,"href":"https:\/\/k-var.eu\/hr\/wp-json\/wp\/v2\/product_brand?post=1525"},{"taxonomy":"product_cat","embeddable":true,"href":"https:\/\/k-var.eu\/hr\/wp-json\/wp\/v2\/product_cat?post=1525"},{"taxonomy":"product_tag","embeddable":true,"href":"https:\/\/k-var.eu\/hr\/wp-json\/wp\/v2\/product_tag?post=1525"}],"curies":[{"name":"wp","href":"https:\/\/api.w.org\/{rel}","templated":true}]}}