{"id":1463,"date":"2024-03-01T10:17:41","date_gmt":"2024-03-01T09:17:41","guid":{"rendered":"https:\/\/k-var.eu\/poviski-za-subaru\/"},"modified":"2024-03-26T09:54:06","modified_gmt":"2024-03-26T09:54:06","slug":"povecanje-za-subaru","status":"publish","type":"page","link":"https:\/\/k-var.eu\/hr\/proizvodi-po-mjeri\/povecanje-za-subaru\/","title":{"rendered":"Pove\u0107anje za Subaru"},"content":{"rendered":"<section class=\"bde-section-1463-156 bde-section\">\n              \n  \n  \n\t\n\n\n\n<div class=\"section-container\"><h1 class=\"bde-heading-1463-157 bde-heading\">\nPove\u0107anje za Subaru\n<\/h1><div class=\"bde-breadcrumbs-1463-160 bde-breadcrumbs\"><nav aria-label=\"breadcrumbs\" class=\"rank-math-breadcrumb\"><p><span class=\"last\">Uvod<\/span><\/p><\/nav><\/div><\/div>\n<\/section><section class=\"bde-section-1463-128 bde-section\">\n  \n  \n\t\n\n\n\n<div class=\"section-container\"><div class=\"bde-columns-1463-151 bde-columns\"><div class=\"bde-column-1463-152 bde-column\">\n  \n  \n\t\n\n\n\n<div class=\"bde-image-1463-154 bde-image\">\n<figure class=\"breakdance-image breakdance-image--1043\">\n\t<div class=\"breakdance-image-container\">\n\t\t<div class=\"breakdance-image-clip\"><img loading=\"lazy\" decoding=\"async\" class=\"breakdance-image-object\" src=\"https:\/\/k-var.eu\/wp-content\/uploads\/2024\/03\/FB_IMG_1704831097249.jpg\" width=\"960\" height=\"960\" srcset=\"https:\/\/k-var.eu\/wp-content\/uploads\/2024\/03\/FB_IMG_1704831097249.jpg 960w, https:\/\/k-var.eu\/wp-content\/uploads\/2024\/03\/FB_IMG_1704831097249-300x300.jpg 300w, https:\/\/k-var.eu\/wp-content\/uploads\/2024\/03\/FB_IMG_1704831097249-150x150.jpg 150w, https:\/\/k-var.eu\/wp-content\/uploads\/2024\/03\/FB_IMG_1704831097249-768x768.jpg 768w, https:\/\/k-var.eu\/wp-content\/uploads\/2024\/03\/FB_IMG_1704831097249-600x600.jpg 600w, https:\/\/k-var.eu\/wp-content\/uploads\/2024\/03\/FB_IMG_1704831097249-100x100.jpg 100w\" sizes=\"auto, (max-width: 960px) 100vw, 960px\"><\/div>\n\t<\/div><\/figure>\n\n<\/div>\n<\/div><div class=\"bde-column-1463-153 bde-column\">\n  \n  \n\t\n\n\n\n<div class=\"bde-icon-list-1463-155 bde-icon-list\">\n<ul>\n  \n              \n    <li>\n              <div class='bde-icon-list__item-wrapper'>\n      \n      <span class='bde-icon-list__icon' aria-hidden='true'>\n        <svg xmlns=\"http:\/\/www.w3.org\/2000\/svg\" viewBox=\"0 0 512 512\"><!-- Font Awesome Free 5.15.1 by @fontawesome - https:\/\/fontawesome.com License - https:\/\/fontawesome.com\/license\/free (Icons: CC BY 4.0, Fonts: SIL OFL 1.1, Code: MIT License) --><path d=\"M173.898 439.404l-166.4-166.4c-9.997-9.997-9.997-26.206 0-36.204l36.203-36.204c9.997-9.998 26.207-9.998 36.204 0L192 312.69 432.095 72.596c9.997-9.997 26.207-9.997 36.204 0l36.203 36.204c9.997 9.997 9.997 26.206 0 36.204l-294.4 294.401c-9.998 9.997-26.207 9.997-36.204-.001z\"\/><\/svg>\n      <\/span>\n      <span class='bde-icon-list__text' >\n      Za sve modele i godine va\u0161eg Subarua izra\u0111ujemo pove\u0107anja (lift kit).\n      <\/span>\n              <\/div>\n      \n    <\/li>\n\n  \n              \n    <li>\n              <div class='bde-icon-list__item-wrapper'>\n      \n      <span class='bde-icon-list__icon' aria-hidden='true'>\n        <svg xmlns=\"http:\/\/www.w3.org\/2000\/svg\" id=\"icon-arrow-up2\" viewBox=\"0 0 32 32\">\n<path d=\"M27.414 12.586l-10-10c-0.781-0.781-2.047-0.781-2.828 0l-10 10c-0.781 0.781-0.781 2.047 0 2.828s2.047 0.781 2.828 0l6.586-6.586v19.172c0 1.105 0.895 2 2 2s2-0.895 2-2v-19.172l6.586 6.586c0.39 0.39 0.902 0.586 1.414 0.586s1.024-0.195 1.414-0.586c0.781-0.781 0.781-2.047 0-2.828z\"\/>\n<\/svg>\n      <\/span>\n      <span class='bde-icon-list__text' >\n      Visinu pove\u0107anja mogu\u0107e je izraditi prema va\u0161im \u017eeljama (max. 4 cm).\n      <\/span>\n              <\/div>\n      \n    <\/li>\n\n  \n              \n    <li>\n              <div class='bde-icon-list__item-wrapper'>\n      \n      <span class='bde-icon-list__icon' aria-hidden='true'>\n        <svg xmlns=\"http:\/\/www.w3.org\/2000\/svg\" viewBox=\"0 0 576 512\"><!-- Font Awesome Free 5.15.1 by @fontawesome - https:\/\/fontawesome.com License - https:\/\/fontawesome.com\/license\/free (Icons: CC BY 4.0, Fonts: SIL OFL 1.1, Code: MIT License) --><path d=\"M544 128h-48v88c0 4.42-3.58 8-8 8h-16c-4.42 0-8-3.58-8-8v-88h-64v88c0 4.42-3.58 8-8 8h-16c-4.42 0-8-3.58-8-8v-88h-64v88c0 4.42-3.58 8-8 8h-16c-4.42 0-8-3.58-8-8v-88h-64v88c0 4.42-3.58 8-8 8h-16c-4.42 0-8-3.58-8-8v-88h-64v88c0 4.42-3.58 8-8 8H88c-4.42 0-8-3.58-8-8v-88H32c-17.67 0-32 14.33-32 32v192c0 17.67 14.33 32 32 32h512c17.67 0 32-14.33 32-32V160c0-17.67-14.33-32-32-32z\"\/><\/svg>\n      <\/span>\n      <span class='bde-icon-list__text' >\n      Pove\u0107anja su jednostavna za monta\u017eu, izra\u0111ena od kvalitetnog INOX lima \u0161to im produljuje \u017eivotni vijek.\n      <\/span>\n              <\/div>\n      \n    <\/li>\n\n  <\/ul>\n\n<\/div>\n<\/div><\/div><\/div>\n<\/section><section class=\"bde-section-1463-138 bde-section\">\n  \n  \n\t\n\n\n\n<div class=\"section-container\"><h2 class=\"bde-heading-1463-139 bde-heading\">\nNekoliko slika zadovoljnih kupaca:\n<\/h2><div class=\"bde-gallery-1463-140 bde-gallery\">\n\n\n\n\n\n\n\n\n\n\n\n\n\n<div class=\"ee-gallery ee-gallery--isotope ee-gallery--justified ee-gallery-- ee-gallery--lightbox ee-gallery-- ee-gallery--caption- ee-gallery--caption-none ee-gallery--ratio\">\n                  \n      <a class=\"ee-gallery-item ee-gallery-item--image ee-gallery-item--single\" href=\"https:\/\/k-var.eu\/wp-content\/uploads\/2024\/03\/Messenger_creation_c8927793-9b9b-4c95-85b1-489e351edbe6.jpeg\"  data-sub-html=\"<span><\/span>\" data-category=\"1\"                  data-lg-size=\"1536-2048\"\n\n      >\n        <figure class=\"ee-gallery-item-figure\">\n                        <img loading=\"lazy\" decoding=\"async\" class=\"breakdance-image-object\" src=\"https:\/\/k-var.eu\/wp-content\/uploads\/2024\/03\/Messenger_creation_c8927793-9b9b-4c95-85b1-489e351edbe6-768x1024.jpeg\" width=\"768\" height=\"1024\" srcset=\"https:\/\/k-var.eu\/wp-content\/uploads\/2024\/03\/Messenger_creation_c8927793-9b9b-4c95-85b1-489e351edbe6.jpeg 1536w, https:\/\/k-var.eu\/wp-content\/uploads\/2024\/03\/Messenger_creation_c8927793-9b9b-4c95-85b1-489e351edbe6-225x300.jpeg 225w, https:\/\/k-var.eu\/wp-content\/uploads\/2024\/03\/Messenger_creation_c8927793-9b9b-4c95-85b1-489e351edbe6-768x1024.jpeg 768w, https:\/\/k-var.eu\/wp-content\/uploads\/2024\/03\/Messenger_creation_c8927793-9b9b-4c95-85b1-489e351edbe6-1152x1536.jpeg 1152w, https:\/\/k-var.eu\/wp-content\/uploads\/2024\/03\/Messenger_creation_c8927793-9b9b-4c95-85b1-489e351edbe6-600x800.jpeg 600w\" sizes=\"auto, (max-width: 1536px) 100vw, 1536px\">\n          \n                  <\/figure>\n      <\/a>\n\n                \n      <a class=\"ee-gallery-item ee-gallery-item--image ee-gallery-item--single\" href=\"https:\/\/k-var.eu\/wp-content\/uploads\/2024\/03\/FB_IMG_1699086077905.jpg\"  data-sub-html=\"<span><\/span>\" data-category=\"1\"                  data-lg-size=\"1080-487\"\n\n      >\n        <figure class=\"ee-gallery-item-figure\">\n                        <img loading=\"lazy\" decoding=\"async\" class=\"breakdance-image-object\" src=\"https:\/\/k-var.eu\/wp-content\/uploads\/2024\/03\/FB_IMG_1699086077905-1024x462.jpg\" width=\"1024\" height=\"462\" srcset=\"https:\/\/k-var.eu\/wp-content\/uploads\/2024\/03\/FB_IMG_1699086077905.jpg 1080w, https:\/\/k-var.eu\/wp-content\/uploads\/2024\/03\/FB_IMG_1699086077905-300x135.jpg 300w, https:\/\/k-var.eu\/wp-content\/uploads\/2024\/03\/FB_IMG_1699086077905-1024x462.jpg 1024w, https:\/\/k-var.eu\/wp-content\/uploads\/2024\/03\/FB_IMG_1699086077905-768x346.jpg 768w, https:\/\/k-var.eu\/wp-content\/uploads\/2024\/03\/FB_IMG_1699086077905-600x271.jpg 600w\" sizes=\"auto, (max-width: 1080px) 100vw, 1080px\">\n          \n                  <\/figure>\n      <\/a>\n\n                \n      <a class=\"ee-gallery-item ee-gallery-item--image ee-gallery-item--single\" href=\"https:\/\/k-var.eu\/wp-content\/uploads\/2024\/03\/Messenger_creation_15a6d446-7279-4cf8-b7ba-cd706e3e0e91.jpeg\"  data-sub-html=\"<span><\/span>\" data-category=\"1\"                  data-lg-size=\"1536-2048\"\n\n      >\n        <figure class=\"ee-gallery-item-figure\">\n                        <img loading=\"lazy\" decoding=\"async\" class=\"breakdance-image-object\" src=\"https:\/\/k-var.eu\/wp-content\/uploads\/2024\/03\/Messenger_creation_15a6d446-7279-4cf8-b7ba-cd706e3e0e91-768x1024.jpeg\" width=\"768\" height=\"1024\" srcset=\"https:\/\/k-var.eu\/wp-content\/uploads\/2024\/03\/Messenger_creation_15a6d446-7279-4cf8-b7ba-cd706e3e0e91.jpeg 1536w, https:\/\/k-var.eu\/wp-content\/uploads\/2024\/03\/Messenger_creation_15a6d446-7279-4cf8-b7ba-cd706e3e0e91-225x300.jpeg 225w, https:\/\/k-var.eu\/wp-content\/uploads\/2024\/03\/Messenger_creation_15a6d446-7279-4cf8-b7ba-cd706e3e0e91-768x1024.jpeg 768w, https:\/\/k-var.eu\/wp-content\/uploads\/2024\/03\/Messenger_creation_15a6d446-7279-4cf8-b7ba-cd706e3e0e91-1152x1536.jpeg 1152w, https:\/\/k-var.eu\/wp-content\/uploads\/2024\/03\/Messenger_creation_15a6d446-7279-4cf8-b7ba-cd706e3e0e91-600x800.jpeg 600w\" sizes=\"auto, (max-width: 1536px) 100vw, 1536px\">\n          \n                  <\/figure>\n      <\/a>\n\n                \n      <a class=\"ee-gallery-item ee-gallery-item--image ee-gallery-item--single\" href=\"https:\/\/k-var.eu\/wp-content\/uploads\/2024\/03\/20211130_203735_remastered-copy.jpg\"  data-sub-html=\"<span>AIREVITAL_V1<\/span>\" data-category=\"1\"                  data-lg-size=\"1600-1200\"\n\n      >\n        <figure class=\"ee-gallery-item-figure\">\n                        <img loading=\"lazy\" decoding=\"async\" class=\"breakdance-image-object\" src=\"https:\/\/k-var.eu\/wp-content\/uploads\/2024\/03\/20211130_203735_remastered-copy-1024x768.jpg\" width=\"1024\" height=\"768\" srcset=\"https:\/\/k-var.eu\/wp-content\/uploads\/2024\/03\/20211130_203735_remastered-copy.jpg 1600w, https:\/\/k-var.eu\/wp-content\/uploads\/2024\/03\/20211130_203735_remastered-copy-300x225.jpg 300w, https:\/\/k-var.eu\/wp-content\/uploads\/2024\/03\/20211130_203735_remastered-copy-1024x768.jpg 1024w, https:\/\/k-var.eu\/wp-content\/uploads\/2024\/03\/20211130_203735_remastered-copy-768x576.jpg 768w, https:\/\/k-var.eu\/wp-content\/uploads\/2024\/03\/20211130_203735_remastered-copy-1536x1152.jpg 1536w, https:\/\/k-var.eu\/wp-content\/uploads\/2024\/03\/20211130_203735_remastered-copy-600x450.jpg 600w\" sizes=\"auto, (max-width: 1600px) 100vw, 1600px\">\n          \n                  <\/figure>\n      <\/a>\n\n                \n      <a class=\"ee-gallery-item ee-gallery-item--image ee-gallery-item--single\" href=\"https:\/\/k-var.eu\/wp-content\/uploads\/2024\/03\/FB_IMG_1699046304396.jpg\"  data-sub-html=\"<span><\/span>\" data-category=\"1\"                  data-lg-size=\"720-960\"\n\n      >\n        <figure class=\"ee-gallery-item-figure\">\n                        <img loading=\"lazy\" decoding=\"async\" class=\"breakdance-image-object\" src=\"https:\/\/k-var.eu\/wp-content\/uploads\/2024\/03\/FB_IMG_1699046304396.jpg\" width=\"720\" height=\"960\" srcset=\"https:\/\/k-var.eu\/wp-content\/uploads\/2024\/03\/FB_IMG_1699046304396.jpg 720w, https:\/\/k-var.eu\/wp-content\/uploads\/2024\/03\/FB_IMG_1699046304396-225x300.jpg 225w, https:\/\/k-var.eu\/wp-content\/uploads\/2024\/03\/FB_IMG_1699046304396-600x800.jpg 600w\" sizes=\"auto, (max-width: 720px) 100vw, 720px\">\n          \n                  <\/figure>\n      <\/a>\n\n                \n      <a class=\"ee-gallery-item ee-gallery-item--image ee-gallery-item--single\" href=\"https:\/\/k-var.eu\/wp-content\/uploads\/2024\/03\/FB_IMG_1704831065183.jpg\"  data-sub-html=\"<span><\/span>\" data-category=\"1\"                  data-lg-size=\"720-960\"\n\n      >\n        <figure class=\"ee-gallery-item-figure\">\n                        <img loading=\"lazy\" decoding=\"async\" class=\"breakdance-image-object\" src=\"https:\/\/k-var.eu\/wp-content\/uploads\/2024\/03\/FB_IMG_1704831065183.jpg\" width=\"720\" height=\"960\" srcset=\"https:\/\/k-var.eu\/wp-content\/uploads\/2024\/03\/FB_IMG_1704831065183.jpg 720w, https:\/\/k-var.eu\/wp-content\/uploads\/2024\/03\/FB_IMG_1704831065183-225x300.jpg 225w, https:\/\/k-var.eu\/wp-content\/uploads\/2024\/03\/FB_IMG_1704831065183-600x800.jpg 600w\" sizes=\"auto, (max-width: 720px) 100vw, 720px\">\n          \n                  <\/figure>\n      <\/a>\n\n                \n      <a class=\"ee-gallery-item ee-gallery-item--image ee-gallery-item--single\" href=\"https:\/\/k-var.eu\/wp-content\/uploads\/2024\/03\/received_404306444817612.jpeg\"  data-sub-html=\"<span><\/span>\" data-category=\"1\"                  data-lg-size=\"1536-2048\"\n\n      >\n        <figure class=\"ee-gallery-item-figure\">\n                        <img loading=\"lazy\" decoding=\"async\" class=\"breakdance-image-object\" src=\"https:\/\/k-var.eu\/wp-content\/uploads\/2024\/03\/received_404306444817612-768x1024.jpeg\" width=\"768\" height=\"1024\" srcset=\"https:\/\/k-var.eu\/wp-content\/uploads\/2024\/03\/received_404306444817612.jpeg 1536w, https:\/\/k-var.eu\/wp-content\/uploads\/2024\/03\/received_404306444817612-225x300.jpeg 225w, https:\/\/k-var.eu\/wp-content\/uploads\/2024\/03\/received_404306444817612-768x1024.jpeg 768w, https:\/\/k-var.eu\/wp-content\/uploads\/2024\/03\/received_404306444817612-1152x1536.jpeg 1152w, https:\/\/k-var.eu\/wp-content\/uploads\/2024\/03\/received_404306444817612-600x800.jpeg 600w\" sizes=\"auto, (max-width: 1536px) 100vw, 1536px\">\n          \n                  <\/figure>\n      <\/a>\n\n                \n      <a class=\"ee-gallery-item ee-gallery-item--image ee-gallery-item--single\" href=\"https:\/\/k-var.eu\/wp-content\/uploads\/2024\/03\/received_440542140781470-copy.jpg\"  data-sub-html=\"<span><\/span>\" data-category=\"1\"                  data-lg-size=\"1600-1200\"\n\n      >\n        <figure class=\"ee-gallery-item-figure\">\n                        <img loading=\"lazy\" decoding=\"async\" class=\"breakdance-image-object\" src=\"https:\/\/k-var.eu\/wp-content\/uploads\/2024\/03\/received_440542140781470-copy-1024x768.jpg\" width=\"1024\" height=\"768\" srcset=\"https:\/\/k-var.eu\/wp-content\/uploads\/2024\/03\/received_440542140781470-copy.jpg 1600w, https:\/\/k-var.eu\/wp-content\/uploads\/2024\/03\/received_440542140781470-copy-300x225.jpg 300w, https:\/\/k-var.eu\/wp-content\/uploads\/2024\/03\/received_440542140781470-copy-1024x768.jpg 1024w, https:\/\/k-var.eu\/wp-content\/uploads\/2024\/03\/received_440542140781470-copy-768x576.jpg 768w, https:\/\/k-var.eu\/wp-content\/uploads\/2024\/03\/received_440542140781470-copy-1536x1152.jpg 1536w, https:\/\/k-var.eu\/wp-content\/uploads\/2024\/03\/received_440542140781470-copy-600x450.jpg 600w\" sizes=\"auto, (max-width: 1600px) 100vw, 1600px\">\n          \n                  <\/figure>\n      <\/a>\n\n                \n      <a class=\"ee-gallery-item ee-gallery-item--image ee-gallery-item--single\" href=\"https:\/\/k-var.eu\/wp-content\/uploads\/2024\/03\/20211202_192503-copy.jpg\"  data-sub-html=\"<span><\/span>\" data-category=\"1\"                  data-lg-size=\"1600-1200\"\n\n      >\n        <figure class=\"ee-gallery-item-figure\">\n                        <img loading=\"lazy\" decoding=\"async\" class=\"breakdance-image-object\" src=\"https:\/\/k-var.eu\/wp-content\/uploads\/2024\/03\/20211202_192503-copy-1024x768.jpg\" width=\"1024\" height=\"768\" srcset=\"https:\/\/k-var.eu\/wp-content\/uploads\/2024\/03\/20211202_192503-copy.jpg 1600w, https:\/\/k-var.eu\/wp-content\/uploads\/2024\/03\/20211202_192503-copy-300x225.jpg 300w, https:\/\/k-var.eu\/wp-content\/uploads\/2024\/03\/20211202_192503-copy-1024x768.jpg 1024w, https:\/\/k-var.eu\/wp-content\/uploads\/2024\/03\/20211202_192503-copy-768x576.jpg 768w, https:\/\/k-var.eu\/wp-content\/uploads\/2024\/03\/20211202_192503-copy-1536x1152.jpg 1536w, https:\/\/k-var.eu\/wp-content\/uploads\/2024\/03\/20211202_192503-copy-600x450.jpg 600w\" sizes=\"auto, (max-width: 1600px) 100vw, 1600px\">\n          \n                  <\/figure>\n      <\/a>\n\n      \n      <div class=\"ee-gallery-gutter\"><\/div>\n  <\/div>\n\n\n\n<\/div><\/div>\n<\/section>","protected":false},"excerpt":{"rendered":"<p>Pove\u0107anje za Subaru Uvod Za sve modele i godine va\u0161eg Subarua izra\u0111ujemo pove\u0107anja (lift kit). Visinu pove\u0107anja mogu\u0107e je izraditi prema va\u0161im \u017eeljama (max. 4 cm). Pove\u0107anja su jednostavna za monta\u017eu, izra\u0111ena od kvalitetnog INOX lima \u0161to im produljuje \u017eivotni vijek. Nekoliko slika zadovoljnih kupaca:<\/p>\n","protected":false},"author":3,"featured_media":0,"parent":1460,"menu_order":0,"comment_status":"closed","ping_status":"closed","template":"","meta":{"_breakdance_hide_in_design_set":false,"_breakdance_tags":"","footnotes":""},"class_list":["post-1463","page","type-page","status-publish","hentry"],"_links":{"self":[{"href":"https:\/\/k-var.eu\/hr\/wp-json\/wp\/v2\/pages\/1463","targetHints":{"allow":["GET"]}}],"collection":[{"href":"https:\/\/k-var.eu\/hr\/wp-json\/wp\/v2\/pages"}],"about":[{"href":"https:\/\/k-var.eu\/hr\/wp-json\/wp\/v2\/types\/page"}],"author":[{"embeddable":true,"href":"https:\/\/k-var.eu\/hr\/wp-json\/wp\/v2\/users\/3"}],"replies":[{"embeddable":true,"href":"https:\/\/k-var.eu\/hr\/wp-json\/wp\/v2\/comments?post=1463"}],"version-history":[{"count":7,"href":"https:\/\/k-var.eu\/hr\/wp-json\/wp\/v2\/pages\/1463\/revisions"}],"predecessor-version":[{"id":1517,"href":"https:\/\/k-var.eu\/hr\/wp-json\/wp\/v2\/pages\/1463\/revisions\/1517"}],"up":[{"embeddable":true,"href":"https:\/\/k-var.eu\/hr\/wp-json\/wp\/v2\/pages\/1460"}],"wp:attachment":[{"href":"https:\/\/k-var.eu\/hr\/wp-json\/wp\/v2\/media?parent=1463"}],"curies":[{"name":"wp","href":"https:\/\/api.w.org\/{rel}","templated":true}]}}