{"id":1462,"date":"2024-02-29T13:40:53","date_gmt":"2024-02-29T12:40:53","guid":{"rendered":"https:\/\/k-var.eu\/izdelki-po-meri\/izpuhi-za-traktor\/"},"modified":"2024-03-26T09:53:39","modified_gmt":"2024-03-26T09:53:39","slug":"auspusi-za-traktor","status":"publish","type":"page","link":"https:\/\/k-var.eu\/hr\/proizvodi-po-mjeri\/auspusi-za-traktor\/","title":{"rendered":"Auspusi za traktor"},"content":{"rendered":"<section class=\"bde-section-1462-100 bde-section\">\n              \n  \n  \n\t\n\n\n\n<div class=\"section-container\"><h1 class=\"bde-heading-1462-101 bde-heading\">\nAuspusi za traktor\n<\/h1><div class=\"bde-breadcrumbs-1462-135 bde-breadcrumbs\"><nav aria-label=\"breadcrumbs\" class=\"rank-math-breadcrumb\"><p><span class=\"last\">Uvod<\/span><\/p><\/nav><\/div><\/div>\n<\/section><section class=\"bde-section-1462-122 bde-section\">\n  \n  \n\t\n\n\n\n<div class=\"section-container\"><div class=\"bde-columns-1462-123 bde-columns\"><div class=\"bde-column-1462-124 bde-column\">\n  \n  \n\t\n\n\n\n<h2 class=\"bde-heading-1462-130 bde-heading\">\nKvaliteta i za\u0161tita\n<\/h2><div class=\"bde-text-1462-126 bde-text\">\nProizvodimo kvalitetne INOX auspuhe i za\u0161titne mre\u017ee za sve vrste traktora i radnih strojeva: John Deere, Fendt, Deutz Fahr, Class, Case, New Holland, Kubota, McCormick, Steyr, Landini, Ursus, Lamborghini...).\n<\/div><div class=\"bde-text-1462-129 bde-text\">\nKako bi va\u0161 traktor bio ne\u0161to posebno i druga\u010dije, nadogradite ga K-var auspuhom od kvalitetnog inox lima.\n<\/div><div class=\"bde-icon-list-1462-134 bde-icon-list\">\n<ul>\n  \n              \n    <li>\n              <div class='bde-icon-list__item-wrapper'>\n      \n      <span class='bde-icon-list__icon' aria-hidden='true'>\n        <svg xmlns=\"http:\/\/www.w3.org\/2000\/svg\" id=\"icon-wrench\" viewBox=\"0 0 32 32\">\n<path d=\"M31.342 25.559l-14.392-12.336c0.67-1.259 1.051-2.696 1.051-4.222 0-4.971-4.029-9-9-9-0.909 0-1.787 0.135-2.614 0.386l5.2 5.2c0.778 0.778 0.778 2.051 0 2.828l-3.172 3.172c-0.778 0.778-2.051 0.778-2.828 0l-5.2-5.2c-0.251 0.827-0.386 1.705-0.386 2.614 0 4.971 4.029 9 9 9 1.526 0 2.963-0.38 4.222-1.051l12.336 14.392c0.716 0.835 1.938 0.882 2.716 0.104l3.172-3.172c0.778-0.778 0.731-2-0.104-2.716z\"\/>\n<\/svg>\n      <\/span>\n      <span class='bde-icon-list__text' >\n      Tako\u0111er mo\u017eemo servisirati va\u0161 stari auspuh.\n      <\/span>\n              <\/div>\n      \n    <\/li>\n\n  \n              \n    <li>\n              <div class='bde-icon-list__item-wrapper'>\n      \n      <span class='bde-icon-list__icon' aria-hidden='true'>\n        <svg xmlns=\"http:\/\/www.w3.org\/2000\/svg\" viewBox=\"0 0 512 512\"><!-- Font Awesome Free 5.15.1 by @fontawesome - https:\/\/fontawesome.com License - https:\/\/fontawesome.com\/license\/free (Icons: CC BY 4.0, Fonts: SIL OFL 1.1, Code: MIT License) --><path d=\"M497.39 361.8l-112-48a24 24 0 0 0-28 6.9l-49.6 60.6A370.66 370.66 0 0 1 130.6 204.11l60.6-49.6a23.94 23.94 0 0 0 6.9-28l-48-112A24.16 24.16 0 0 0 122.6.61l-104 24A24 24 0 0 0 0 48c0 256.5 207.9 464 464 464a24 24 0 0 0 23.4-18.6l24-104a24.29 24.29 0 0 0-14.01-27.6z\"\/><\/svg>\n      <\/span>\n      <span class='bde-icon-list__text' >\n      Servis i proizvodnja: +386 (0)31 557 136 (Marko)\n      <\/span>\n              <\/div>\n      \n    <\/li>\n\n  <\/ul>\n\n<\/div>\n<\/div><div class=\"bde-column-1462-125 bde-column\">\n  \n  \n\t\n\n\n\n<h2 class=\"bde-heading-1462-127 bde-heading\">\nPrednosti inox auspuha su:\n<\/h2><div class=\"bde-checkmark-list-1462-121 bde-checkmark-list\">\n<ul>\n  \n              \n              \n    <li>\n      <span class='bde-checkmark-list__icon bde-checkmark-list__icon_yes '>\n                  <svg xmlns=\"http:\/\/www.w3.org\/2000\/svg\" viewBox=\"0 0 24 24\"><path d=\"M18.71,7.21a1,1,0,0,0-1.42,0L9.84,14.67,6.71,11.53A1,1,0,1,0,5.29,13l3.84,3.84a1,1,0,0,0,1.42,0l8.16-8.16A1,1,0,0,0,18.71,7.21Z\"\/><\/svg>\n              <\/span>\n      <div >\n        Ne r\u0111a\n      <\/div>\n\n    <\/li>\n\n  \n              \n              \n    <li>\n      <span class='bde-checkmark-list__icon bde-checkmark-list__icon_yes '>\n                  <svg xmlns=\"http:\/\/www.w3.org\/2000\/svg\" viewBox=\"0 0 24 24\"><path d=\"M18.71,7.21a1,1,0,0,0-1.42,0L9.84,14.67,6.71,11.53A1,1,0,1,0,5.29,13l3.84,3.84a1,1,0,0,0,1.42,0l8.16-8.16A1,1,0,0,0,18.71,7.21Z\"\/><\/svg>\n              <\/span>\n      <div >\n        Ne truli (zimska slu\u017eba)\n      <\/div>\n\n    <\/li>\n\n  \n              \n              \n    <li>\n      <span class='bde-checkmark-list__icon bde-checkmark-list__icon_yes '>\n                  <svg xmlns=\"http:\/\/www.w3.org\/2000\/svg\" viewBox=\"0 0 24 24\"><path d=\"M18.71,7.21a1,1,0,0,0-1.42,0L9.84,14.67,6.71,11.53A1,1,0,1,0,5.29,13l3.84,3.84a1,1,0,0,0,1.42,0l8.16-8.16A1,1,0,0,0,18.71,7.21Z\"\/><\/svg>\n              <\/span>\n      <div >\n        Ne treba ga bojati\n      <\/div>\n\n    <\/li>\n\n  \n              \n              \n    <li>\n      <span class='bde-checkmark-list__icon bde-checkmark-list__icon_yes '>\n                  <svg xmlns=\"http:\/\/www.w3.org\/2000\/svg\" viewBox=\"0 0 24 24\"><path d=\"M18.71,7.21a1,1,0,0,0-1.42,0L9.84,14.67,6.71,11.53A1,1,0,1,0,5.29,13l3.84,3.84a1,1,0,0,0,1.42,0l8.16-8.16A1,1,0,0,0,18.71,7.21Z\"\/><\/svg>\n              <\/span>\n      <div >\n        Lijepo izgleda\n      <\/div>\n\n    <\/li>\n\n  \n              \n              \n    <li>\n      <span class='bde-checkmark-list__icon bde-checkmark-list__icon_yes '>\n                  <svg xmlns=\"http:\/\/www.w3.org\/2000\/svg\" viewBox=\"0 0 24 24\"><path d=\"M18.71,7.21a1,1,0,0,0-1.42,0L9.84,14.67,6.71,11.53A1,1,0,1,0,5.29,13l3.84,3.84a1,1,0,0,0,1.42,0l8.16-8.16A1,1,0,0,0,18.71,7.21Z\"\/><\/svg>\n              <\/span>\n      <div >\n        Vrlo dug \u017eivotni vijek\n      <\/div>\n\n    <\/li>\n\n  <\/ul>\n\n<\/div>\n<\/div><\/div><\/div>\n<\/section><section class=\"bde-section-1462-108 bde-section\">\n  \n  \n\t\n\n\n\n<div class=\"section-container\"><h2 class=\"bde-heading-1462-131 bde-heading\">\nNekoliko slika zadovoljnih kupaca:\n<\/h2><div class=\"bde-gallery-1462-109 bde-gallery\">\n\n\n\n\n\n\n\n\n\n\n\n\n\n<div class=\"ee-gallery ee-gallery--isotope ee-gallery--justified ee-gallery-- ee-gallery--lightbox ee-gallery-- ee-gallery--caption- ee-gallery--caption-none ee-gallery--ratio\">\n                  \n      <a class=\"ee-gallery-item ee-gallery-item--image ee-gallery-item--single\" href=\"https:\/\/k-var.eu\/wp-content\/uploads\/2024\/02\/20211111_170857_remastered.jpg\"  data-sub-html=\"<span>AIREVITAL_V1<\/span>\" data-category=\"1\"                  data-lg-size=\"1600-1200\"\n\n      >\n        <figure class=\"ee-gallery-item-figure\">\n                        <img loading=\"lazy\" decoding=\"async\" class=\"breakdance-image-object\" src=\"https:\/\/k-var.eu\/wp-content\/uploads\/2024\/02\/20211111_170857_remastered-1024x768.jpg\" width=\"1024\" height=\"768\" srcset=\"https:\/\/k-var.eu\/wp-content\/uploads\/2024\/02\/20211111_170857_remastered.jpg 1600w, https:\/\/k-var.eu\/wp-content\/uploads\/2024\/02\/20211111_170857_remastered-300x225.jpg 300w, https:\/\/k-var.eu\/wp-content\/uploads\/2024\/02\/20211111_170857_remastered-1024x768.jpg 1024w, https:\/\/k-var.eu\/wp-content\/uploads\/2024\/02\/20211111_170857_remastered-768x576.jpg 768w, https:\/\/k-var.eu\/wp-content\/uploads\/2024\/02\/20211111_170857_remastered-1536x1152.jpg 1536w, https:\/\/k-var.eu\/wp-content\/uploads\/2024\/02\/20211111_170857_remastered-600x450.jpg 600w\" sizes=\"auto, (max-width: 1600px) 100vw, 1600px\">\n          \n                  <\/figure>\n      <\/a>\n\n                \n      <a class=\"ee-gallery-item ee-gallery-item--image ee-gallery-item--single\" href=\"https:\/\/k-var.eu\/wp-content\/uploads\/2024\/02\/received_746722447240886.jpeg\"  data-sub-html=\"<span><\/span>\" data-category=\"1\"                  data-lg-size=\"1080-1920\"\n\n      >\n        <figure class=\"ee-gallery-item-figure\">\n                        <img loading=\"lazy\" decoding=\"async\" class=\"breakdance-image-object\" src=\"https:\/\/k-var.eu\/wp-content\/uploads\/2024\/02\/received_746722447240886-576x1024.jpeg\" width=\"576\" height=\"1024\" srcset=\"https:\/\/k-var.eu\/wp-content\/uploads\/2024\/02\/received_746722447240886.jpeg 1080w, https:\/\/k-var.eu\/wp-content\/uploads\/2024\/02\/received_746722447240886-169x300.jpeg 169w, https:\/\/k-var.eu\/wp-content\/uploads\/2024\/02\/received_746722447240886-576x1024.jpeg 576w, https:\/\/k-var.eu\/wp-content\/uploads\/2024\/02\/received_746722447240886-768x1365.jpeg 768w, https:\/\/k-var.eu\/wp-content\/uploads\/2024\/02\/received_746722447240886-864x1536.jpeg 864w, https:\/\/k-var.eu\/wp-content\/uploads\/2024\/02\/received_746722447240886-600x1067.jpeg 600w\" sizes=\"auto, (max-width: 1080px) 100vw, 1080px\">\n          \n                  <\/figure>\n      <\/a>\n\n                \n      <a class=\"ee-gallery-item ee-gallery-item--image ee-gallery-item--single\" href=\"https:\/\/k-var.eu\/wp-content\/uploads\/2024\/02\/received_861217175512281.jpeg\"  data-sub-html=\"<span><\/span>\" data-category=\"1\"                  data-lg-size=\"1200-1600\"\n\n      >\n        <figure class=\"ee-gallery-item-figure\">\n                        <img loading=\"lazy\" decoding=\"async\" class=\"breakdance-image-object\" src=\"https:\/\/k-var.eu\/wp-content\/uploads\/2024\/02\/received_861217175512281-768x1024.jpeg\" width=\"768\" height=\"1024\" srcset=\"https:\/\/k-var.eu\/wp-content\/uploads\/2024\/02\/received_861217175512281.jpeg 1200w, https:\/\/k-var.eu\/wp-content\/uploads\/2024\/02\/received_861217175512281-225x300.jpeg 225w, https:\/\/k-var.eu\/wp-content\/uploads\/2024\/02\/received_861217175512281-768x1024.jpeg 768w, https:\/\/k-var.eu\/wp-content\/uploads\/2024\/02\/received_861217175512281-1152x1536.jpeg 1152w, https:\/\/k-var.eu\/wp-content\/uploads\/2024\/02\/received_861217175512281-600x800.jpeg 600w\" sizes=\"auto, (max-width: 1200px) 100vw, 1200px\">\n          \n                  <\/figure>\n      <\/a>\n\n                \n      <a class=\"ee-gallery-item ee-gallery-item--image ee-gallery-item--single\" href=\"https:\/\/k-var.eu\/wp-content\/uploads\/2024\/02\/FB_IMG_1683711488280.jpg\"  data-sub-html=\"<span><\/span>\" data-category=\"1\"                  data-lg-size=\"970-2048\"\n\n      >\n        <figure class=\"ee-gallery-item-figure\">\n                        <img loading=\"lazy\" decoding=\"async\" class=\"breakdance-image-object\" src=\"https:\/\/k-var.eu\/wp-content\/uploads\/2024\/02\/FB_IMG_1683711488280-485x1024.jpg\" width=\"485\" height=\"1024\" srcset=\"https:\/\/k-var.eu\/wp-content\/uploads\/2024\/02\/FB_IMG_1683711488280.jpg 970w, https:\/\/k-var.eu\/wp-content\/uploads\/2024\/02\/FB_IMG_1683711488280-142x300.jpg 142w, https:\/\/k-var.eu\/wp-content\/uploads\/2024\/02\/FB_IMG_1683711488280-485x1024.jpg 485w, https:\/\/k-var.eu\/wp-content\/uploads\/2024\/02\/FB_IMG_1683711488280-768x1622.jpg 768w, https:\/\/k-var.eu\/wp-content\/uploads\/2024\/02\/FB_IMG_1683711488280-728x1536.jpg 728w, https:\/\/k-var.eu\/wp-content\/uploads\/2024\/02\/FB_IMG_1683711488280-600x1267.jpg 600w\" sizes=\"auto, (max-width: 970px) 100vw, 970px\">\n          \n                  <\/figure>\n      <\/a>\n\n                \n      <a class=\"ee-gallery-item ee-gallery-item--image ee-gallery-item--single\" href=\"https:\/\/k-var.eu\/wp-content\/uploads\/2024\/02\/20230419_153227.jpg\"  data-sub-html=\"<span><\/span>\" data-category=\"1\"                  data-lg-size=\"1600-1200\"\n\n      >\n        <figure class=\"ee-gallery-item-figure\">\n                        <img loading=\"lazy\" decoding=\"async\" class=\"breakdance-image-object\" src=\"https:\/\/k-var.eu\/wp-content\/uploads\/2024\/02\/20230419_153227-1024x768.jpg\" width=\"1024\" height=\"768\" srcset=\"https:\/\/k-var.eu\/wp-content\/uploads\/2024\/02\/20230419_153227.jpg 1600w, https:\/\/k-var.eu\/wp-content\/uploads\/2024\/02\/20230419_153227-300x225.jpg 300w, https:\/\/k-var.eu\/wp-content\/uploads\/2024\/02\/20230419_153227-1024x768.jpg 1024w, https:\/\/k-var.eu\/wp-content\/uploads\/2024\/02\/20230419_153227-768x576.jpg 768w, https:\/\/k-var.eu\/wp-content\/uploads\/2024\/02\/20230419_153227-1536x1152.jpg 1536w, https:\/\/k-var.eu\/wp-content\/uploads\/2024\/02\/20230419_153227-600x450.jpg 600w\" sizes=\"auto, (max-width: 1600px) 100vw, 1600px\">\n          \n                  <\/figure>\n      <\/a>\n\n                \n      <a class=\"ee-gallery-item ee-gallery-item--image ee-gallery-item--single\" href=\"https:\/\/k-var.eu\/wp-content\/uploads\/2024\/02\/FB_IMG_1686594897109.jpg\"  data-sub-html=\"<span><\/span>\" data-category=\"1\"                  data-lg-size=\"1080-1440\"\n\n      >\n        <figure class=\"ee-gallery-item-figure\">\n                        <img loading=\"lazy\" decoding=\"async\" class=\"breakdance-image-object\" src=\"https:\/\/k-var.eu\/wp-content\/uploads\/2024\/02\/FB_IMG_1686594897109-768x1024.jpg\" width=\"768\" height=\"1024\" srcset=\"https:\/\/k-var.eu\/wp-content\/uploads\/2024\/02\/FB_IMG_1686594897109.jpg 1080w, https:\/\/k-var.eu\/wp-content\/uploads\/2024\/02\/FB_IMG_1686594897109-225x300.jpg 225w, https:\/\/k-var.eu\/wp-content\/uploads\/2024\/02\/FB_IMG_1686594897109-768x1024.jpg 768w, https:\/\/k-var.eu\/wp-content\/uploads\/2024\/02\/FB_IMG_1686594897109-600x800.jpg 600w\" sizes=\"auto, (max-width: 1080px) 100vw, 1080px\">\n          \n                  <\/figure>\n      <\/a>\n\n                \n      <a class=\"ee-gallery-item ee-gallery-item--image ee-gallery-item--single\" href=\"https:\/\/k-var.eu\/wp-content\/uploads\/2024\/02\/received_199743179780623.jpeg\"  data-sub-html=\"<span><\/span>\" data-category=\"1\"                  data-lg-size=\"1126-2000\"\n\n      >\n        <figure class=\"ee-gallery-item-figure\">\n                        <img loading=\"lazy\" decoding=\"async\" class=\"breakdance-image-object\" src=\"https:\/\/k-var.eu\/wp-content\/uploads\/2024\/02\/received_199743179780623-577x1024.jpeg\" width=\"577\" height=\"1024\" srcset=\"https:\/\/k-var.eu\/wp-content\/uploads\/2024\/02\/received_199743179780623.jpeg 1126w, https:\/\/k-var.eu\/wp-content\/uploads\/2024\/02\/received_199743179780623-169x300.jpeg 169w, https:\/\/k-var.eu\/wp-content\/uploads\/2024\/02\/received_199743179780623-577x1024.jpeg 577w, https:\/\/k-var.eu\/wp-content\/uploads\/2024\/02\/received_199743179780623-768x1364.jpeg 768w, https:\/\/k-var.eu\/wp-content\/uploads\/2024\/02\/received_199743179780623-865x1536.jpeg 865w, https:\/\/k-var.eu\/wp-content\/uploads\/2024\/02\/received_199743179780623-600x1066.jpeg 600w\" sizes=\"auto, (max-width: 1126px) 100vw, 1126px\">\n          \n                  <\/figure>\n      <\/a>\n\n                \n      <a class=\"ee-gallery-item ee-gallery-item--image ee-gallery-item--single\" href=\"https:\/\/k-var.eu\/wp-content\/uploads\/2024\/02\/received_4393601104075370_remastered.jpg\"  data-sub-html=\"<span>AIREVITAL_V1<\/span>\" data-category=\"1\"                  data-lg-size=\"1600-845\"\n\n      >\n        <figure class=\"ee-gallery-item-figure\">\n                        <img loading=\"lazy\" decoding=\"async\" class=\"breakdance-image-object\" src=\"https:\/\/k-var.eu\/wp-content\/uploads\/2024\/02\/received_4393601104075370_remastered-1024x541.jpg\" width=\"1024\" height=\"541\" srcset=\"https:\/\/k-var.eu\/wp-content\/uploads\/2024\/02\/received_4393601104075370_remastered.jpg 1600w, https:\/\/k-var.eu\/wp-content\/uploads\/2024\/02\/received_4393601104075370_remastered-300x158.jpg 300w, https:\/\/k-var.eu\/wp-content\/uploads\/2024\/02\/received_4393601104075370_remastered-1024x541.jpg 1024w, https:\/\/k-var.eu\/wp-content\/uploads\/2024\/02\/received_4393601104075370_remastered-768x406.jpg 768w, https:\/\/k-var.eu\/wp-content\/uploads\/2024\/02\/received_4393601104075370_remastered-1536x811.jpg 1536w, https:\/\/k-var.eu\/wp-content\/uploads\/2024\/02\/received_4393601104075370_remastered-600x317.jpg 600w\" sizes=\"auto, (max-width: 1600px) 100vw, 1600px\">\n          \n                  <\/figure>\n      <\/a>\n\n                \n      <a class=\"ee-gallery-item ee-gallery-item--image ee-gallery-item--single\" href=\"https:\/\/k-var.eu\/wp-content\/uploads\/2024\/02\/received_460088332335017.jpeg\"  data-sub-html=\"<span><\/span>\" data-category=\"1\"                  data-lg-size=\"640-870\"\n\n      >\n        <figure class=\"ee-gallery-item-figure\">\n                        <img loading=\"lazy\" decoding=\"async\" class=\"breakdance-image-object\" src=\"https:\/\/k-var.eu\/wp-content\/uploads\/2024\/02\/received_460088332335017.jpeg\" width=\"640\" height=\"870\" srcset=\"https:\/\/k-var.eu\/wp-content\/uploads\/2024\/02\/received_460088332335017.jpeg 640w, https:\/\/k-var.eu\/wp-content\/uploads\/2024\/02\/received_460088332335017-221x300.jpeg 221w, https:\/\/k-var.eu\/wp-content\/uploads\/2024\/02\/received_460088332335017-600x816.jpeg 600w\" sizes=\"auto, (max-width: 640px) 100vw, 640px\">\n          \n                  <\/figure>\n      <\/a>\n\n                \n      <a class=\"ee-gallery-item ee-gallery-item--image ee-gallery-item--single\" href=\"https:\/\/k-var.eu\/wp-content\/uploads\/2024\/02\/FB_IMG_1636047421425.jpg\"  data-sub-html=\"<span><\/span>\" data-category=\"1\"                  data-lg-size=\"720-960\"\n\n      >\n        <figure class=\"ee-gallery-item-figure\">\n                        <img loading=\"lazy\" decoding=\"async\" class=\"breakdance-image-object\" src=\"https:\/\/k-var.eu\/wp-content\/uploads\/2024\/02\/FB_IMG_1636047421425.jpg\" width=\"720\" height=\"960\" srcset=\"https:\/\/k-var.eu\/wp-content\/uploads\/2024\/02\/FB_IMG_1636047421425.jpg 720w, https:\/\/k-var.eu\/wp-content\/uploads\/2024\/02\/FB_IMG_1636047421425-225x300.jpg 225w, https:\/\/k-var.eu\/wp-content\/uploads\/2024\/02\/FB_IMG_1636047421425-600x800.jpg 600w\" sizes=\"auto, (max-width: 720px) 100vw, 720px\">\n          \n                  <\/figure>\n      <\/a>\n\n                \n      <a class=\"ee-gallery-item ee-gallery-item--image ee-gallery-item--single\" href=\"https:\/\/k-var.eu\/wp-content\/uploads\/2024\/02\/FB_IMG_1636047411543.jpg\"  data-sub-html=\"<span><\/span>\" data-category=\"1\"                  data-lg-size=\"720-960\"\n\n      >\n        <figure class=\"ee-gallery-item-figure\">\n                        <img loading=\"lazy\" decoding=\"async\" class=\"breakdance-image-object\" src=\"https:\/\/k-var.eu\/wp-content\/uploads\/2024\/02\/FB_IMG_1636047411543.jpg\" width=\"720\" height=\"960\" srcset=\"https:\/\/k-var.eu\/wp-content\/uploads\/2024\/02\/FB_IMG_1636047411543.jpg 720w, https:\/\/k-var.eu\/wp-content\/uploads\/2024\/02\/FB_IMG_1636047411543-225x300.jpg 225w, https:\/\/k-var.eu\/wp-content\/uploads\/2024\/02\/FB_IMG_1636047411543-600x800.jpg 600w\" sizes=\"auto, (max-width: 720px) 100vw, 720px\">\n          \n                  <\/figure>\n      <\/a>\n\n                \n      <a class=\"ee-gallery-item ee-gallery-item--image ee-gallery-item--single\" href=\"https:\/\/k-var.eu\/wp-content\/uploads\/2024\/02\/received_1282467029038424.jpeg\"  data-sub-html=\"<span><\/span>\" data-category=\"1\"                  data-lg-size=\"1152-2048\"\n\n      >\n        <figure class=\"ee-gallery-item-figure\">\n                        <img loading=\"lazy\" decoding=\"async\" class=\"breakdance-image-object\" src=\"https:\/\/k-var.eu\/wp-content\/uploads\/2024\/02\/received_1282467029038424-576x1024.jpeg\" width=\"576\" height=\"1024\" srcset=\"https:\/\/k-var.eu\/wp-content\/uploads\/2024\/02\/received_1282467029038424.jpeg 1152w, https:\/\/k-var.eu\/wp-content\/uploads\/2024\/02\/received_1282467029038424-169x300.jpeg 169w, https:\/\/k-var.eu\/wp-content\/uploads\/2024\/02\/received_1282467029038424-576x1024.jpeg 576w, https:\/\/k-var.eu\/wp-content\/uploads\/2024\/02\/received_1282467029038424-768x1365.jpeg 768w, https:\/\/k-var.eu\/wp-content\/uploads\/2024\/02\/received_1282467029038424-864x1536.jpeg 864w, https:\/\/k-var.eu\/wp-content\/uploads\/2024\/02\/received_1282467029038424-600x1067.jpeg 600w\" sizes=\"auto, (max-width: 1152px) 100vw, 1152px\">\n          \n                  <\/figure>\n      <\/a>\n\n      \n      <div class=\"ee-gallery-gutter\"><\/div>\n  <\/div>\n\n\n\n<\/div><\/div>\n<\/section>","protected":false},"excerpt":{"rendered":"<p>Auspusi za traktor Uvod Kvaliteta i za\u0161tita Proizvodimo kvalitetne INOX auspuhe i za\u0161titne mre\u017ee za sve vrste traktora i radnih strojeva: John Deere, Fendt, Deutz Fahr, Class, Case, New Holland, Kubota, McCormick, Steyr, Landini, Ursus, Lamborghini&#8230;). Kako bi va\u0161 traktor bio ne\u0161to posebno i druga\u010dije, nadogradite ga K-var auspuhom od kvalitetnog inox lima. Tako\u0111er mo\u017eemo [&hellip;]<\/p>\n","protected":false},"author":3,"featured_media":0,"parent":1460,"menu_order":0,"comment_status":"closed","ping_status":"closed","template":"","meta":{"_breakdance_hide_in_design_set":false,"_breakdance_tags":"","footnotes":""},"class_list":["post-1462","page","type-page","status-publish","hentry"],"_links":{"self":[{"href":"https:\/\/k-var.eu\/hr\/wp-json\/wp\/v2\/pages\/1462","targetHints":{"allow":["GET"]}}],"collection":[{"href":"https:\/\/k-var.eu\/hr\/wp-json\/wp\/v2\/pages"}],"about":[{"href":"https:\/\/k-var.eu\/hr\/wp-json\/wp\/v2\/types\/page"}],"author":[{"embeddable":true,"href":"https:\/\/k-var.eu\/hr\/wp-json\/wp\/v2\/users\/3"}],"replies":[{"embeddable":true,"href":"https:\/\/k-var.eu\/hr\/wp-json\/wp\/v2\/comments?post=1462"}],"version-history":[{"count":7,"href":"https:\/\/k-var.eu\/hr\/wp-json\/wp\/v2\/pages\/1462\/revisions"}],"predecessor-version":[{"id":1516,"href":"https:\/\/k-var.eu\/hr\/wp-json\/wp\/v2\/pages\/1462\/revisions\/1516"}],"up":[{"embeddable":true,"href":"https:\/\/k-var.eu\/hr\/wp-json\/wp\/v2\/pages\/1460"}],"wp:attachment":[{"href":"https:\/\/k-var.eu\/hr\/wp-json\/wp\/v2\/media?parent=1462"}],"curies":[{"name":"wp","href":"https:\/\/api.w.org\/{rel}","templated":true}]}}