{"id":1460,"date":"2024-02-29T11:57:28","date_gmt":"2024-02-29T10:57:28","guid":{"rendered":"https:\/\/k-var.eu\/izdelki-po-meri\/"},"modified":"2024-03-26T09:56:01","modified_gmt":"2024-03-26T09:56:01","slug":"proizvodi-po-mjeri","status":"publish","type":"page","link":"https:\/\/k-var.eu\/hr\/proizvodi-po-mjeri\/","title":{"rendered":"Proizvodi po mjeri"},"content":{"rendered":"<section class=\"bde-section-1460-105 bde-section\">\n              \n  \n  \n\t\n\n\n\n<div class=\"section-container\"><h1 class=\"bde-heading-1460-106 bde-heading\">\nProizvodi po mjeri\n<\/h1><div class=\"bde-breadcrumbs-1460-185 bde-breadcrumbs\"><nav aria-label=\"breadcrumbs\" class=\"rank-math-breadcrumb\"><p><span class=\"last\">Uvod<\/span><\/p><\/nav><\/div><\/div>\n<\/section><section class=\"bde-section-1460-155 bde-section\">\n  \n  \n\t\n\n\n\n<div class=\"section-container\"><div class=\"bde-grid-1460-156 bde-grid\">\n  \n  \n\t\n\n\n\n<div class=\"bde-div-1460-157 bde-div\">\n  \n  \n\t\n\n\n\n<div class=\"bde-div-1460-158 bde-div\">\n  \n  \n\t\n\n\n\n<div class=\"bde-image-1460-159 bde-image\">\n<figure class=\"breakdance-image breakdance-image--986\">\n\t<div class=\"breakdance-image-container\">\n\t\t<div class=\"breakdance-image-clip\"><img loading=\"lazy\" decoding=\"async\" class=\"breakdance-image-object\" src=\"https:\/\/k-var.eu\/wp-content\/uploads\/2024\/02\/Izpuhi-za-traktor.jpg\" width=\"400\" height=\"300\" srcset=\"https:\/\/k-var.eu\/wp-content\/uploads\/2024\/02\/Izpuhi-za-traktor.jpg 400w, https:\/\/k-var.eu\/wp-content\/uploads\/2024\/02\/Izpuhi-za-traktor-300x225.jpg 300w\" sizes=\"auto, (max-width: 400px) 100vw, 400px\"><\/div>\n\t<\/div><\/figure>\n\n<\/div><div class=\"bde-div-1460-160 bde-div\">\n  \n  \n\t\n\n\n\n<h2 class=\"bde-heading-1460-161 bde-heading\">\nAuspusi za traktor\n<\/h2><div class=\"bde-text-1460-162 bde-text\">\nProizvodimo kvalitetne INOX auspuhe i za\u0161titne mre\u017ee za sve vrste traktora i radnih strojeva.\n<\/div>\n<\/div>\n<\/div><div class=\"bde-div-1460-163 bde-div\">\n  \n  \n\t\n\n\n\n<div class=\"bde-button-1460-164 bde-button\">\n        \n    \n    \n    \n    \n            \n                    \n            \n            \n\n    \n    \n    \n    \n    \n    <a class=\"breakdance-link button-atom button-atom--primary bde-button__button\" href=\"https:\/\/k-var.eu\/hr\/proizvodi-po-mjeri\/auspusi-za-traktor\/\" target=\"_self\" data-type=\"url\"  >\n\n    \n        <span class=\"button-atom__text\">Detalji proizvoda<\/span>\n\n        \n        \n                <\/a>\n\n    \n\n\n<\/div>\n<\/div>\n<\/div><div class=\"bde-div-1460-165 bde-div\">\n  \n  \n\t\n\n\n\n<div class=\"bde-div-1460-166 bde-div\">\n  \n  \n\t\n\n\n\n<div class=\"bde-image-1460-167 bde-image\">\n<figure class=\"breakdance-image breakdance-image--985\">\n\t<div class=\"breakdance-image-container\">\n\t\t<div class=\"breakdance-image-clip\"><img loading=\"lazy\" decoding=\"async\" class=\"breakdance-image-object\" src=\"https:\/\/k-var.eu\/wp-content\/uploads\/2024\/02\/Poviski-za-Subaru.jpg\" width=\"400\" height=\"300\" srcset=\"https:\/\/k-var.eu\/wp-content\/uploads\/2024\/02\/Poviski-za-Subaru.jpg 400w, https:\/\/k-var.eu\/wp-content\/uploads\/2024\/02\/Poviski-za-Subaru-300x225.jpg 300w\" sizes=\"auto, (max-width: 400px) 100vw, 400px\"><\/div>\n\t<\/div><\/figure>\n\n<\/div><div class=\"bde-div-1460-168 bde-div\">\n  \n  \n\t\n\n\n\n<h2 class=\"bde-heading-1460-169 bde-heading\">\nPove\u0107anje za Subaru\n<\/h2><div class=\"bde-text-1460-170 bde-text\">\nZa sve modele i godine va\u0161eg Subarua izra\u0111ujemo pove\u0107anja (lift kit) prema va\u0161im \u017eeljama (max. 4 cm).\n<\/div>\n<\/div>\n<\/div><div class=\"bde-div-1460-171 bde-div\">\n  \n  \n\t\n\n\n\n<div class=\"bde-button-1460-172 bde-button\">\n        \n    \n    \n    \n    \n            \n                    \n            \n            \n\n    \n    \n    \n    \n    \n    <a class=\"breakdance-link button-atom button-atom--primary bde-button__button\" href=\"https:\/\/k-var.eu\/hr\/proizvodi-po-mjeri\/povecanje-za-subaru\/\" target=\"_self\" data-type=\"url\"  >\n\n    \n        <span class=\"button-atom__text\">Detalji proizvoda<\/span>\n\n        \n        \n                <\/a>\n\n    \n\n\n<\/div>\n<\/div>\n<\/div><div class=\"bde-div-1460-173 bde-div\">\n  \n  \n\t\n\n\n\n<div class=\"bde-div-1460-174 bde-div\">\n  \n  \n\t\n\n\n\n<div class=\"bde-image-1460-175 bde-image\">\n<figure class=\"breakdance-image breakdance-image--1003\">\n\t<div class=\"breakdance-image-container\">\n\t\t<div class=\"breakdance-image-clip\"><img loading=\"lazy\" decoding=\"async\" class=\"breakdance-image-object\" src=\"https:\/\/k-var.eu\/wp-content\/uploads\/2024\/02\/Dekorativni-dodatki.jpg\" width=\"400\" height=\"300\" srcset=\"https:\/\/k-var.eu\/wp-content\/uploads\/2024\/02\/Dekorativni-dodatki.jpg 400w, https:\/\/k-var.eu\/wp-content\/uploads\/2024\/02\/Dekorativni-dodatki-300x225.jpg 300w\" sizes=\"auto, (max-width: 400px) 100vw, 400px\"><\/div>\n\t<\/div><\/figure>\n\n<\/div><div class=\"bde-div-1460-176 bde-div\">\n  \n  \n\t\n\n\n\n<h2 class=\"bde-heading-1460-177 bde-heading\">\nDekorativni dodaci\n<\/h2><div class=\"bde-text-1460-178 bde-text\">\nRazni dekorativni dodaci od INOX nehr\u0111aju\u0107eg \u010delika.\n<\/div>\n<\/div>\n<\/div>\n<\/div>\n<\/div><\/div>\n<\/section>","protected":false},"excerpt":{"rendered":"<p>Proizvodi po mjeri Uvod Auspusi za traktor Proizvodimo kvalitetne INOX auspuhe i za\u0161titne mre\u017ee za sve vrste traktora i radnih strojeva. Detalji proizvoda Pove\u0107anje za Subaru Za sve modele i godine va\u0161eg Subarua izra\u0111ujemo pove\u0107anja (lift kit) prema va\u0161im \u017eeljama (max. 4 cm). Detalji proizvoda Dekorativni dodaci Razni dekorativni dodaci od INOX nehr\u0111aju\u0107eg \u010delika.<\/p>\n","protected":false},"author":3,"featured_media":0,"parent":0,"menu_order":0,"comment_status":"closed","ping_status":"closed","template":"","meta":{"_breakdance_hide_in_design_set":false,"_breakdance_tags":"","footnotes":""},"class_list":["post-1460","page","type-page","status-publish","hentry"],"_links":{"self":[{"href":"https:\/\/k-var.eu\/hr\/wp-json\/wp\/v2\/pages\/1460","targetHints":{"allow":["GET"]}}],"collection":[{"href":"https:\/\/k-var.eu\/hr\/wp-json\/wp\/v2\/pages"}],"about":[{"href":"https:\/\/k-var.eu\/hr\/wp-json\/wp\/v2\/types\/page"}],"author":[{"embeddable":true,"href":"https:\/\/k-var.eu\/hr\/wp-json\/wp\/v2\/users\/3"}],"replies":[{"embeddable":true,"href":"https:\/\/k-var.eu\/hr\/wp-json\/wp\/v2\/comments?post=1460"}],"version-history":[{"count":12,"href":"https:\/\/k-var.eu\/hr\/wp-json\/wp\/v2\/pages\/1460\/revisions"}],"predecessor-version":[{"id":1519,"href":"https:\/\/k-var.eu\/hr\/wp-json\/wp\/v2\/pages\/1460\/revisions\/1519"}],"wp:attachment":[{"href":"https:\/\/k-var.eu\/hr\/wp-json\/wp\/v2\/media?parent=1460"}],"curies":[{"name":"wp","href":"https:\/\/api.w.org\/{rel}","templated":true}]}}