{"id":1383,"date":"2024-02-13T07:44:15","date_gmt":"2024-02-13T06:44:15","guid":{"rendered":"https:\/\/k-var.eu\/uvod\/"},"modified":"2026-04-23T12:53:06","modified_gmt":"2026-04-23T10:53:06","slug":"uvod","status":"publish","type":"page","link":"https:\/\/k-var.eu\/hr\/","title":{"rendered":"Uvod &#8211; HR"},"content":{"rendered":"<section class=\"bde-section-1383-170 bde-section\">\n              \n  \n  \n\t\n\n  <div class=\"section-background-overlay\"><\/div>\n\n\n        <div class=\"section-shape-divider-wrapper section-shape-divider-wrapper--1\">\n          <span class=\"section-shape-divider\">\n                      <svg\n                xmlns=\"http:\/\/www.w3.org\/2000\/svg\"\n                viewBox=\"0 0 1440 320\"\n                preserveAspectRatio=\"none\"\n            >\n              <path fill=\"currentColor\" fill-opacity=\"1\" d=\"M0,160L120,181.3C240,203,480,245,720,224C960,203,1200,117,1320,74.7L1440,32L1440,320L1320,320C1200,320,960,320,720,320C480,320,240,320,120,320L0,320Z\"><\/path>\n            <\/svg>\n                    <\/span>\n      <\/div>\n  <div class=\"section-container\"><div class=\"bde-div-1383-171 bde-div\">\n  \n  \n\t\n\n\n\n<h1 class=\"bde-heading-1383-172 bde-heading\">\nBrodski ro\u0161tilji od inoxa<br>za barku, brod ili jedrilicu\n<\/h1><div class=\"bde-text-1383-173 bde-text\">\nKvalitetni brodski ro\u0161tilji od inoxa 316L osiguravaju otpornost na morsko okru\u017eenje, jednostavnu monta\u017eu i pouzdanu upotrebu na plovilu.\n<\/div><div class=\"bde-div-1383-174 bde-div\">\n  \n  \n\t\n\n\n\n<div class=\"bde-button-1383-175 bde-button\">\n        \n    \n    \n    \n    \n            \n                    \n            \n            \n\n    \n    \n    \n    \n    \n    <a class=\"breakdance-link button-atom button-atom--primary bde-button__button\" href=\"https:\/\/k-var.eu\/hr\/proizvodi\/brodski-rostilji\/\" target=\"_self\" data-type=\"url\"  >\n\n    \n        <span class=\"button-atom__text\">Pogledajte brodske ro\u0161tilje<\/span>\n\n        \n        \n                <\/a>\n\n    \n\n\n<\/div><div class=\"bde-button-1383-176 bde-button\">\n        \n    \n    \n    \n    \n            \n                    \n            \n            \n\n    \n    \n    \n    \n    \n    <a class=\"breakdance-link button-atom button-atom--custom bde-button__button\" href=\"https:\/\/k-var.eu\/hr\/o-tvrtki\/\" target=\"_self\" data-type=\"url\"  >\n\n    \n        <span class=\"button-atom__text\">Vi\u0161e o tvrtki<\/span>\n\n        \n        \n                <\/a>\n\n    \n\n\n<\/div>\n<\/div>\n<\/div><\/div>\n<\/section><section id=\"izdelki\" class=\"bde-section-1383-177 bde-section\">\n  \n  \n\t\n\n\n\n<div class=\"section-container\"><h2 class=\"bde-heading-1383-178 bde-heading\">\nBrodski ro\u0161tilji, oprema i proizvodi po mjeri\n<\/h2><div class=\"bde-grid-1383-179 bde-grid\">\n  \n  \n\t\n\n\n\n<div class=\"bde-image-box-1383-180 bde-image-box bde-preset-4b4e68ea-fad6-4b03-bc70-de491cbe87fe bde-image-box-content-padding-only\">\n<div class=\"ee-imagebox-image\">\n  <img loading=\"lazy\" decoding=\"async\" class=\"breakdance-image-object\" src=\"https:\/\/k-var.eu\/wp-content\/uploads\/2026\/04\/Navticni-zari-inox-K-var.jpg\" width=\"450\" height=\"300\" srcset=\"https:\/\/k-var.eu\/wp-content\/uploads\/2026\/04\/Navticni-zari-inox-K-var.jpg 450w, https:\/\/k-var.eu\/wp-content\/uploads\/2026\/04\/Navticni-zari-inox-K-var-300x200.jpg 300w\" sizes=\"auto, (max-width: 450px) 100vw, 450px\">\n<\/div>\n<div class=\"ee-imagebox-content\">\n      <h3 class=\"ee-imagebox-title bde-h3\" >Brodski ro\u0161tilji<\/h3>\n    \n      <div class=\"ee-imagebox-text\" >Kvalitetni inox ro\u0161tilji za barku, brod ili jedrilicu, izra\u0111eni za sigurnu i pouzdanu upotrebu na plovilu.<\/div>\n    \n              \n    \n    \n    \n    \n            \n                    \n            \n            \n\n    \n    \n    \n    \n    \n    <a class=\"breakdance-link button-atom button-atom--secondary ee-imagebox-button\" href=\"https:\/\/k-var.eu\/hr\/proizvodi\/brodski-rostilji\/\" target=\"_self\" data-type=\"url\"  >\n\n    \n        <span class=\"button-atom__text\">Pogledajte ro\u0161tilje<\/span>\n\n        \n        \n                <\/a>\n\n    \n\n  <\/div>\n\n<\/div><div class=\"bde-image-box-1383-181 bde-image-box bde-preset-4b4e68ea-fad6-4b03-bc70-de491cbe87fe bde-image-box-content-padding-only\">\n<div class=\"ee-imagebox-image\">\n  <img loading=\"lazy\" decoding=\"async\" class=\"breakdance-image-object\" src=\"https:\/\/k-var.eu\/wp-content\/uploads\/2026\/04\/Oprema-za-navticne-zare.jpg\" width=\"450\" height=\"300\" srcset=\"https:\/\/k-var.eu\/wp-content\/uploads\/2026\/04\/Oprema-za-navticne-zare.jpg 450w, https:\/\/k-var.eu\/wp-content\/uploads\/2026\/04\/Oprema-za-navticne-zare-300x200.jpg 300w\" sizes=\"auto, (max-width: 450px) 100vw, 450px\">\n<\/div>\n<div class=\"ee-imagebox-content\">\n      <h3 class=\"ee-imagebox-title bde-h3\" >Oprema za ro\u0161tilje<\/h3>\n    \n      <div class=\"ee-imagebox-text\" >Nosa\u010di, nogice, torbe, pribor i dodatna oprema za sigurnu i prakti\u010dnu upotrebu brodskog ro\u0161tilja.<\/div>\n    \n              \n    \n    \n    \n    \n            \n                    \n            \n            \n\n    \n    \n    \n    \n    \n    <a class=\"breakdance-link button-atom button-atom--secondary ee-imagebox-button\" href=\"https:\/\/k-var.eu\/hr\/proizvodi\/oprema-za-rostilj\/\" target=\"_self\" data-type=\"url\"  >\n\n    \n        <span class=\"button-atom__text\">Pogledajte opremu<\/span>\n\n        \n        \n                <\/a>\n\n    \n\n  <\/div>\n\n<\/div><div class=\"bde-image-box-1383-182 bde-image-box bde-preset-4b4e68ea-fad6-4b03-bc70-de491cbe87fe bde-image-box-content-padding-only\">\n<div class=\"ee-imagebox-image\">\n  <img loading=\"lazy\" decoding=\"async\" class=\"breakdance-image-object\" src=\"https:\/\/k-var.eu\/wp-content\/uploads\/2026\/04\/Izpuhi-za-traktor-inox.jpg\" width=\"450\" height=\"300\" srcset=\"https:\/\/k-var.eu\/wp-content\/uploads\/2026\/04\/Izpuhi-za-traktor-inox.jpg 450w, https:\/\/k-var.eu\/wp-content\/uploads\/2026\/04\/Izpuhi-za-traktor-inox-300x200.jpg 300w\" sizes=\"auto, (max-width: 450px) 100vw, 450px\">\n<\/div>\n<div class=\"ee-imagebox-content\">\n      <h3 class=\"ee-imagebox-title bde-h3\" >Proizvodi po mjeri<\/h3>\n    \n      <div class=\"ee-imagebox-text\" >Metalni i inox proizvodi po mjeri, uklju\u010duju\u0107i ispuhe za traktore i druga rje\u0161enja za razli\u010dite potrebe.<\/div>\n    \n              \n    \n    \n    \n    \n            \n                    \n            \n            \n\n    \n    \n    \n    \n    \n    <a class=\"breakdance-link button-atom button-atom--secondary ee-imagebox-button\" href=\"https:\/\/k-var.eu\/hr\/proizvodi-po-mjeri\/\" target=\"_self\" data-type=\"url\"  >\n\n    \n        <span class=\"button-atom__text\">Pogledajte proizvode po mjeri<\/span>\n\n        \n        \n                <\/a>\n\n    \n\n  <\/div>\n\n<\/div>\n<\/div><\/div>\n<\/section><section class=\"bde-section-1383-183 bde-section\">\n              \n  \n  \n\t\n\n  <div class=\"section-background-overlay\"><\/div>\n\n\n        <div class=\"section-shape-divider-wrapper section-shape-divider-wrapper--1\">\n          <span class=\"section-shape-divider\">\n                      <svg\n                xmlns=\"http:\/\/www.w3.org\/2000\/svg\"\n                viewBox=\"0 0 1440 320\"\n                preserveAspectRatio=\"none\"\n            >\n              <path fill=\"currentColor\" fill-opacity=\"1\" d=\"M0,160L120,181.3C240,203,480,245,720,224C960,203,1200,117,1320,74.7L1440,32L1440,320L1320,320C1200,320,960,320,720,320C480,320,240,320,120,320L0,320Z\"><\/path>\n            <\/svg>\n                    <\/span>\n      <\/div>\n  <div class=\"section-container\"><div class=\"bde-columns-1383-184 bde-columns\"><div class=\"bde-column-1383-185 bde-column\">\n  \n  \n\t\n\n\n\n<div class=\"bde-div-1383-186 bde-div\">\n  \n  \n\t\n\n\n\n<h2 class=\"bde-heading-1383-187 bde-heading\">\nO tvrtki K-var\n<\/h2><div class=\"bde-text-1383-188 bde-text\">\n\"K-var ro\u0161tilj? Ne\u0107e ga ni more pokvarit'!\"\n<\/div>\n<\/div><div class=\"bde-rich-text-1383-189 bde-rich-text breakdance-rich-text-styles\">\n<p>K-var je nastao iz ljubavi prema moru, ribolovu i kvalitetnoj obradi metala. Iza tvrtke stoji <strong>Nejc Nartnik<\/strong>, koji je prakti\u010dno znanje razvijao od mladih dana, a kasnije ga dodatno usavr\u0161io i kroz izradu ro\u0161tilja.<\/p><p>Ideja za <strong>brodski ro\u0161tilj<\/strong> nastala je tijekom obnove barke, kada se pojavila potreba za proizvodom koji \u0107e biti jednostavan za monta\u017eu i otporan na morsko okru\u017eenje. Tako je nastao promi\u0161ljen <strong>inox ro\u0161tilj za \u010damac, barku ili jedrilicu<\/strong>.<\/p><p>Danas <strong>K-var<\/strong> predstavlja kvalitetne <strong>brodske ro\u0161tilje<\/strong>, inox proizvode i druga metalna rje\u0161enja za stvarnu, svakodnevnu upotrebu u praksi.<\/p>\n<\/div><div class=\"bde-div-1383-190 bde-div\">\n  \n  \n\t\n\n\n\n<div class=\"bde-button-1383-191 bde-button\">\n        \n    \n    \n    \n    \n            \n                    \n            \n            \n\n    \n    \n    \n    \n    \n    <a class=\"breakdance-link button-atom button-atom--custom bde-button__button\" href=\"https:\/\/k-var.eu\/hr\/proizvodi\/brodski-rostilji\/\" target=\"_self\" data-type=\"url\"  >\n\n    \n        <span class=\"button-atom__text\">Pogledajte brodske ro\u0161tilje<\/span>\n\n        \n        \n                <\/a>\n\n    \n\n\n<\/div><div class=\"bde-button-1383-192 bde-button\">\n        \n    \n    \n    \n    \n            \n                    \n            \n            \n\n    \n    \n    \n    \n    \n    <a class=\"breakdance-link button-atom button-atom--custom bde-button__button\" href=\"https:\/\/k-var.eu\/hr\/o-tvrtki\/\" target=\"_self\" data-type=\"url\"  >\n\n    \n        <span class=\"button-atom__text\">Vi\u0161e o tvrtki<\/span>\n\n        \n        \n                <\/a>\n\n    \n\n\n<\/div>\n<\/div>\n<\/div><div class=\"bde-column-1383-193 bde-column\">\n  \n  \n\t\n\n\n\n<div class=\"bde-image-1383-194 bde-image\">\n<figure class=\"breakdance-image breakdance-image--1796\">\n\t<div class=\"breakdance-image-container\">\n\t\t<div class=\"breakdance-image-clip\"><img loading=\"lazy\" decoding=\"async\" class=\"breakdance-image-object\" src=\"https:\/\/k-var.eu\/wp-content\/uploads\/2025\/02\/K-var-O-nas.jpg\" width=\"1200\" height=\"900\" srcset=\"https:\/\/k-var.eu\/wp-content\/uploads\/2025\/02\/K-var-O-nas.jpg 1200w, https:\/\/k-var.eu\/wp-content\/uploads\/2025\/02\/K-var-O-nas-300x225.jpg 300w, https:\/\/k-var.eu\/wp-content\/uploads\/2025\/02\/K-var-O-nas-1024x768.jpg 1024w, https:\/\/k-var.eu\/wp-content\/uploads\/2025\/02\/K-var-O-nas-768x576.jpg 768w, https:\/\/k-var.eu\/wp-content\/uploads\/2025\/02\/K-var-O-nas-600x450.jpg 600w\" sizes=\"auto, (max-width: 1200px) 100vw, 1200px\" alt=\"K-var brodski ro\u0161tilji predstavljeni na sajmu\"><\/div>\n\t<\/div><\/figure>\n\n<\/div>\n<\/div><\/div><\/div>\n<\/section>","protected":false},"excerpt":{"rendered":"<p>Brodski ro\u0161tilji od inoxaza barku, brod ili jedrilicu Kvalitetni brodski ro\u0161tilji od inoxa 316L osiguravaju otpornost na morsko okru\u017eenje, jednostavnu monta\u017eu i pouzdanu upotrebu na plovilu. Pogledajte brodske ro\u0161tilje Vi\u0161e o tvrtki Brodski ro\u0161tilji, oprema i proizvodi po mjeri Brodski ro\u0161tilji Kvalitetni inox ro\u0161tilji za barku, brod ili jedrilicu, izra\u0111eni za sigurnu i pouzdanu upotrebu [&hellip;]<\/p>\n","protected":false},"author":3,"featured_media":0,"parent":0,"menu_order":0,"comment_status":"closed","ping_status":"closed","template":"","meta":{"_breakdance_hide_in_design_set":false,"_breakdance_tags":"","footnotes":""},"class_list":["post-1383","page","type-page","status-publish","hentry"],"_links":{"self":[{"href":"https:\/\/k-var.eu\/hr\/wp-json\/wp\/v2\/pages\/1383","targetHints":{"allow":["GET"]}}],"collection":[{"href":"https:\/\/k-var.eu\/hr\/wp-json\/wp\/v2\/pages"}],"about":[{"href":"https:\/\/k-var.eu\/hr\/wp-json\/wp\/v2\/types\/page"}],"author":[{"embeddable":true,"href":"https:\/\/k-var.eu\/hr\/wp-json\/wp\/v2\/users\/3"}],"replies":[{"embeddable":true,"href":"https:\/\/k-var.eu\/hr\/wp-json\/wp\/v2\/comments?post=1383"}],"version-history":[{"count":23,"href":"https:\/\/k-var.eu\/hr\/wp-json\/wp\/v2\/pages\/1383\/revisions"}],"predecessor-version":[{"id":3193,"href":"https:\/\/k-var.eu\/hr\/wp-json\/wp\/v2\/pages\/1383\/revisions\/3193"}],"wp:attachment":[{"href":"https:\/\/k-var.eu\/hr\/wp-json\/wp\/v2\/media?parent=1383"}],"curies":[{"name":"wp","href":"https:\/\/api.w.org\/{rel}","templated":true}]}}